{"id":557,"date":"2025-04-10T13:59:36","date_gmt":"2025-04-10T13:59:36","guid":{"rendered":"http:\/\/icon.eu.uvirt136.active24.cz\/?page_id=557"},"modified":"2026-02-17T16:24:23","modified_gmt":"2026-02-17T16:24:23","slug":"book-now","status":"publish","type":"page","link":"https:\/\/www.iconhotel.eu\/cz\/book-now\/","title":{"rendered":"Rezervujte Zde"},"content":{"rendered":"<div class=\"wpb-content-wrapper\"><div class=\"vc_row wpb_row vc_row-fluid\"><div class=\"wpb_column vc_column_container vc_col-sm-12\"><div class=\"vc_column-inner\"><div class=\"wpb_wrapper\"><div class=\"vc_empty_space\"   style=\"height: 60px\"><span class=\"vc_empty_space_inner\"><\/span><\/div><\/div><\/div><\/div><\/div><div data-vc-full-width=\"true\" data-vc-full-width-temp=\"true\" data-vc-full-width-init=\"false\" class=\"vc_row wpb_row vc_row-fluid vc_custom_1771340176924 wd-rs-6994818905c73 wd-section-stretch-content\"><div class=\"wpb_column vc_column_container vc_col-sm-12 vc_col-has-fill wd-rs-69948137a94ee\"><div class=\"vc_column-inner vc_custom_1771340094462\"><div class=\"wpb_wrapper\">\n\t<div class=\"wpb_raw_code wpb_raw_html wpb_content_element vc_custom_1771340145340\" >\n\t\t<div class=\"wpb_wrapper\">\n\t\t\t<script type=\"module\" src=\"https:\/\/v4.bookoloengine.com\/index.min.js\"><\/script>\n<script type=\"module\" src=\"https:\/\/v4.bookoloengine.com\/banners.min.js\" data-apikey=\"ktaeaf7s91\"><\/script>\n<bookolosystem-engine apikey=\"ktaeaf7s91\" currency=\"EUR\"><\/bookolosystem-engine>\n\n\n\t\t<\/div>\n\t<\/div>\n<\/div><\/div><\/div><\/div><div class=\"vc_row-full-width vc_clearfix\"><\/div>\n<\/div>","protected":false},"excerpt":{"rendered":"","protected":false},"author":2,"featured_media":0,"parent":0,"menu_order":0,"comment_status":"closed","ping_status":"closed","template":"","meta":{"_acf_changed":false,"footnotes":""},"class_list":["post-557","page","type-page","status-publish","hentry"],"acf":[],"yoast_head":"<!-- This site is optimized with the Yoast SEO plugin v27.4 - https:\/\/yoast.com\/product\/yoast-seo-wordpress\/ -->\n<title>Book Now - The Icon Prague<\/title>\n<meta name=\"robots\" content=\"index, follow, max-snippet:-1, max-image-preview:large, max-video-preview:-1\" \/>\n<link rel=\"canonical\" href=\"https:\/\/www.iconhotel.eu\/cz\/book-now\/\" \/>\n<meta property=\"og:locale\" content=\"cs_CZ\" \/>\n<meta property=\"og:type\" content=\"article\" \/>\n<meta property=\"og:title\" content=\"Book Now - The Icon Prague\" \/>\n<meta property=\"og:url\" content=\"https:\/\/www.iconhotel.eu\/cz\/book-now\/\" \/>\n<meta property=\"og:site_name\" content=\"The Icon Prague\" \/>\n<meta property=\"article:modified_time\" content=\"2026-02-17T16:24:23+00:00\" \/>\n<meta name=\"twitter:card\" content=\"summary_large_image\" \/>\n<meta name=\"twitter:label1\" content=\"Odhadovan\u00e1 doba \u010dten\u00ed\" \/>\n\t<meta name=\"twitter:data1\" content=\"1 minuta\" \/>\n<script type=\"application\/ld+json\" class=\"yoast-schema-graph\">{\"@context\":\"https:\\\/\\\/schema.org\",\"@graph\":[{\"@type\":\"WebPage\",\"@id\":\"https:\\\/\\\/www.iconhotel.eu\\\/book-now\\\/\",\"url\":\"https:\\\/\\\/www.iconhotel.eu\\\/book-now\\\/\",\"name\":\"Book Now - The Icon Prague\",\"isPartOf\":{\"@id\":\"https:\\\/\\\/www.iconhotel.eu\\\/#website\"},\"datePublished\":\"2025-04-10T13:59:36+00:00\",\"dateModified\":\"2026-02-17T16:24:23+00:00\",\"breadcrumb\":{\"@id\":\"https:\\\/\\\/www.iconhotel.eu\\\/book-now\\\/#breadcrumb\"},\"inLanguage\":\"cs\",\"potentialAction\":[{\"@type\":\"ReadAction\",\"target\":[\"https:\\\/\\\/www.iconhotel.eu\\\/book-now\\\/\"]}]},{\"@type\":\"BreadcrumbList\",\"@id\":\"https:\\\/\\\/www.iconhotel.eu\\\/book-now\\\/#breadcrumb\",\"itemListElement\":[{\"@type\":\"ListItem\",\"position\":1,\"name\":\"HOME\",\"item\":\"https:\\\/\\\/www.iconhotel.eu\\\/\"},{\"@type\":\"ListItem\",\"position\":2,\"name\":\"Book Now\"}]},{\"@type\":\"WebSite\",\"@id\":\"https:\\\/\\\/www.iconhotel.eu\\\/#website\",\"url\":\"https:\\\/\\\/www.iconhotel.eu\\\/\",\"name\":\"The Icon Prague\",\"description\":\"\",\"potentialAction\":[{\"@type\":\"SearchAction\",\"target\":{\"@type\":\"EntryPoint\",\"urlTemplate\":\"https:\\\/\\\/www.iconhotel.eu\\\/?s={search_term_string}\"},\"query-input\":{\"@type\":\"PropertyValueSpecification\",\"valueRequired\":true,\"valueName\":\"search_term_string\"}}],\"inLanguage\":\"cs\"}]}<\/script>\n<!-- \/ Yoast SEO plugin. -->","yoast_head_json":{"title":"Book Now - The Icon Prague","robots":{"index":"index","follow":"follow","max-snippet":"max-snippet:-1","max-image-preview":"max-image-preview:large","max-video-preview":"max-video-preview:-1"},"canonical":"https:\/\/www.iconhotel.eu\/cz\/book-now\/","og_locale":"cs_CZ","og_type":"article","og_title":"Book Now - The Icon Prague","og_url":"https:\/\/www.iconhotel.eu\/cz\/book-now\/","og_site_name":"The Icon Prague","article_modified_time":"2026-02-17T16:24:23+00:00","twitter_card":"summary_large_image","twitter_misc":{"Odhadovan\u00e1 doba \u010dten\u00ed":"1 minuta"},"schema":{"@context":"https:\/\/schema.org","@graph":[{"@type":"WebPage","@id":"https:\/\/www.iconhotel.eu\/book-now\/","url":"https:\/\/www.iconhotel.eu\/book-now\/","name":"Book Now - The Icon Prague","isPartOf":{"@id":"https:\/\/www.iconhotel.eu\/#website"},"datePublished":"2025-04-10T13:59:36+00:00","dateModified":"2026-02-17T16:24:23+00:00","breadcrumb":{"@id":"https:\/\/www.iconhotel.eu\/book-now\/#breadcrumb"},"inLanguage":"cs","potentialAction":[{"@type":"ReadAction","target":["https:\/\/www.iconhotel.eu\/book-now\/"]}]},{"@type":"BreadcrumbList","@id":"https:\/\/www.iconhotel.eu\/book-now\/#breadcrumb","itemListElement":[{"@type":"ListItem","position":1,"name":"HOME","item":"https:\/\/www.iconhotel.eu\/"},{"@type":"ListItem","position":2,"name":"Book Now"}]},{"@type":"WebSite","@id":"https:\/\/www.iconhotel.eu\/#website","url":"https:\/\/www.iconhotel.eu\/","name":"The Icon Prague","description":"","potentialAction":[{"@type":"SearchAction","target":{"@type":"EntryPoint","urlTemplate":"https:\/\/www.iconhotel.eu\/?s={search_term_string}"},"query-input":{"@type":"PropertyValueSpecification","valueRequired":true,"valueName":"search_term_string"}}],"inLanguage":"cs"}]}},"_links":{"self":[{"href":"https:\/\/www.iconhotel.eu\/cz\/wp-json\/wp\/v2\/pages\/557","targetHints":{"allow":["GET"]}}],"collection":[{"href":"https:\/\/www.iconhotel.eu\/cz\/wp-json\/wp\/v2\/pages"}],"about":[{"href":"https:\/\/www.iconhotel.eu\/cz\/wp-json\/wp\/v2\/types\/page"}],"author":[{"embeddable":true,"href":"https:\/\/www.iconhotel.eu\/cz\/wp-json\/wp\/v2\/users\/2"}],"replies":[{"embeddable":true,"href":"https:\/\/www.iconhotel.eu\/cz\/wp-json\/wp\/v2\/comments?post=557"}],"version-history":[{"count":16,"href":"https:\/\/www.iconhotel.eu\/cz\/wp-json\/wp\/v2\/pages\/557\/revisions"}],"predecessor-version":[{"id":1278,"href":"https:\/\/www.iconhotel.eu\/cz\/wp-json\/wp\/v2\/pages\/557\/revisions\/1278"}],"wp:attachment":[{"href":"https:\/\/www.iconhotel.eu\/cz\/wp-json\/wp\/v2\/media?parent=557"}],"curies":[{"name":"wp","href":"https:\/\/api.w.org\/{rel}","templated":true}]}}