{"id":543,"date":"2025-04-10T13:24:22","date_gmt":"2025-04-10T13:24:22","guid":{"rendered":"http:\/\/icon.eu.uvirt136.active24.cz\/?page_id=543"},"modified":"2025-06-12T12:51:43","modified_gmt":"2025-06-12T12:51:43","slug":"faq","status":"publish","type":"page","link":"https:\/\/www.iconhotel.eu\/cz\/faq\/","title":{"rendered":"\u010cASTO KLADEN\u00c9 OT\u00c1ZKY"},"content":{"rendered":"<div class=\"wpb-content-wrapper\"><div class=\"vc_row wpb_row vc_row-fluid vc_custom_1744291379587 wd-rs-67f7c630749be\"><div class=\"wpb_column vc_column_container vc_col-sm-12\"><div class=\"vc_column-inner\"><div class=\"wpb_wrapper\"><h1 style=\"text-align: left\" class=\"vc_custom_heading vc_do_custom_heading custom-bordered-title\" >\u010cASTO KLADEN\u00c9 OT\u00c1ZKY<\/h1><\/div><\/div><\/div><\/div><div class=\"vc_row wpb_row vc_row-fluid\"><div class=\"wpb_column vc_column_container vc_col-sm-12\"><div class=\"vc_column-inner\"><div class=\"wpb_wrapper\"><div class=\"vc_empty_space\"   style=\"height: 60px\"><span class=\"vc_empty_space_inner\"><\/span><\/div><\/div><\/div><\/div><\/div><div class=\"vc_row wpb_row vc_row-fluid\"><div class=\"wpb_column vc_column_container vc_col-sm-12\"><div class=\"vc_column-inner\"><div class=\"wpb_wrapper\"><h2 style=\"text-align: left\" class=\"vc_custom_heading vc_do_custom_heading vc_custom_1744292105321\" >V\u0161eobecn\u00e9 informace<\/h2>\n\t<div class=\"wpb_text_column wpb_content_element\" >\n\t\t<div class=\"wpb_wrapper\">\n\t\t\t<p><span style=\"color: #000000;\"><strong>Kde se hotel nach\u00e1z\u00ed?<\/strong><\/span><br \/>\nIcon Hotel se nach\u00e1z\u00ed ve velmi v\u00fdhodn\u00e9 lokalit\u011b, pouze 200 m od V\u00e1clavsk\u00e9ho n\u00e1m\u011bst\u00ed a 1200 m od\nStarom\u011bstsk\u00e9ho n\u00e1m\u011bst\u00ed.<\/p>\n<p><span style=\"color: #000000;\"><strong>Jak\u00e9 jsou \u010dasy p\u0159\u00edjezdu a odjezdu?<\/strong><\/span><br \/>\nP\u0159\u00edjezd garantujeme od 15:00h a odjezd je v\u017edy do 11:00h.<\/p>\n<p><span style=\"color: #000000;\"><strong>Nab\u00edz\u00edte mo\u017enost d\u0159\u00edv\u011bj\u0161\u00edho p\u0159\u00edjezdu a pozd\u011bj\u0161\u00edho odjezdu?<\/strong><\/span><br \/>\nD\u0159\u00edv\u011bj\u0161\u00ed p\u0159\u00edjezd a pozd\u011bj\u0161\u00ed odjezd v\u017edy z\u00e1vis\u00ed na aktu\u00e1ln\u00ed situaci v hotelu a nen\u00ed mo\u017en\u00e9 je garantovat\np\u0159edem.<\/p>\n<p><span style=\"color: #000000;\"><strong>M\u016f\u017eeme vz\u00edt do hotelu dom\u00e1c\u00ed mazl\u00ed\u010dky?<\/strong><\/span><br \/>\nAno! R\u00e1di u n\u00e1s p\u0159iv\u00edt\u00e1me dob\u0159e vychovan\u00e9 pejsky.\nBohu\u017eel, nen\u00ed mo\u017en\u00e9 p\u0159iv\u00e9st ko\u010dky, ani ve vlastn\u00ed kleci.<\/p>\n\n\t\t<\/div>\n\t<\/div>\n<div class=\"vc_empty_space\"   style=\"height: 50px\"><span class=\"vc_empty_space_inner\"><\/span><\/div><\/div><\/div><\/div><\/div><div id=\"cancelation-policy\" class=\"vc_row wpb_row vc_row-fluid wd-rs-67f7ca5872d2f\"><div class=\"wpb_column vc_column_container vc_col-sm-12\"><div class=\"vc_column-inner\"><div class=\"wpb_wrapper\"><h2 style=\"text-align: left\" class=\"vc_custom_heading vc_do_custom_heading vc_custom_1744292117704\" >Reservations &amp; Payments<\/h2>\n\t<div class=\"wpb_text_column wpb_content_element\" >\n\t\t<div class=\"wpb_wrapper\">\n\t\t\t<p><span style=\"color: #000000;\"><strong>Jak si mohu ubytov\u00e1n\u00ed rezervovat?<\/strong><\/span><br \/>\nRezervaci provedete jednodu\u0161e na na\u0161ich webov\u00fdch str\u00e1nk\u00e1ch\u00a0www.iconhotel.eu.\u00a0\nTam uvid\u00edte aktu\u00e1ln\u00ed pokoje k dispozici, cenu a m\u016f\u017eete si zvolit pokoj, jak\u00fd budete pot\u0159ebovat a\ndokon\u010dit Va\u0161i rezervaci.\u00a0\nRezervace p\u0159\u00edmo na str\u00e1nk\u00e1ch hotelu v\u00e1m garantuje nejlep\u0161\u00ed cenu a exkluzivn\u00ed mo\u017enosti!<\/p>\n<p class=\"translation-block\"><span style=\"color: #000000\"><strong>Jak\u00e9 jsou storno podm\u00ednky?<\/strong><\/span><br>Pro flexibiln\u00ed cenu: Storno zdarma do 48 hodin p\u0159ed p\u0159\u00edjezdem, do 18:00h (m\u00edstn\u00edho \u010dasu).\nPro nevratnou cenu: Tato cena neumo\u017e\u0148uje \u017e\u00e1dn\u00e9 zm\u011bny ani storno zdarma.\u00a0\nPo proveden\u00ed rezervace je na\u00fa\u010dtovan\u00e1 kompletn\u00ed cena rezervace z uveden\u00e9 kreditn\u00ed karty.<\/p>\n<p><strong><span style=\"color: #000000;\">Vy\u017eadujete pro garanci rezervace depozit?<\/span><\/strong><br \/>\nPro rezervace za flexibiln\u00edch podm\u00ednek si hotel vyhrazuje pr\u00e1vo p\u0159edautorizovat \u010d\u00e1stku v hodnot\u011b\nprvn\u00ed noci jako garanci rezervace.<\/p>\n<p><strong><span style=\"color: #000000;\">Jak\u00e9 platebn\u00ed metody akceptujete?<\/span><\/strong><br \/>\n<span style=\"font-weight: 400;\">Akceptujeme Visa, Mastercard, Maestro a hotovost v EUR a K\u010d.<\/span><span style=\"font-weight: 400;\"><br \/>\n<\/span><span style=\"font-weight: 400;\">Pro rezervace online nebo p\u0159edplatby nab\u00edz\u00edme mo\u017enost vyu\u017eit\u00ed platebn\u00edho linku.<\/span><\/p>\n\n\t\t<\/div>\n\t<\/div>\n<div class=\"vc_empty_space\"   style=\"height: 50px\"><span class=\"vc_empty_space_inner\"><\/span><\/div><\/div><\/div><\/div><\/div><div class=\"vc_row wpb_row vc_row-fluid\"><div class=\"wpb_column vc_column_container vc_col-sm-12\"><div class=\"vc_column-inner\"><div class=\"wpb_wrapper\"><h2 style=\"text-align: left\" class=\"vc_custom_heading vc_do_custom_heading vc_custom_1744292174016\" >Rooms &amp; Amenities<\/h2>\n\t<div class=\"wpb_text_column wpb_content_element\" >\n\t\t<div class=\"wpb_wrapper\">\n\t\t\t<p><strong><span style=\"color: #000000;\">Jak\u00e9 typy pokoj\u016f nab\u00edz\u00edte?<\/span><\/strong><br \/>\nNab\u00edz\u00edme standardn\u00ed pokoje, pokoje kategorie Deluxe a Junior suite.<\/p>\n<p><span style=\"color: #000000;\"><strong>Jsou pokoje vybaveny klimatizac\u00ed a topen\u00edm?<\/strong><\/span><br \/>\nAno, v\u0161echny pokoje jsou vybaveny klimatizac\u00ed (v provozu v letn\u00edch m\u011bs\u00edc\u00edch) a \u00fast\u0159edn\u00edm topen\u00edm.<\/p>\n<p><span style=\"color: #000000;\"><strong>Je v hotelu k dispozici Wifi internet?<\/strong><\/span><br \/>\nAno, Wifi internet je k dispozici v cel\u00e9 budov\u011b hotelu zdarma.<\/p>\n<p><span style=\"color: #000000;\"><strong>Jsou na pokoj\u00edch minibary?<\/strong><\/span><br \/>\nMinibary nejsou k dispozici, ale v\u0161echny pokoje jsou vybaveny malou ledni\u010dkou.<\/p>\n\n\t\t<\/div>\n\t<\/div>\n<div class=\"vc_empty_space\"   style=\"height: 50px\"><span class=\"vc_empty_space_inner\"><\/span><\/div><\/div><\/div><\/div><\/div><div class=\"vc_row wpb_row vc_row-fluid\"><div class=\"wpb_column vc_column_container vc_col-sm-12\"><div class=\"vc_column-inner\"><div class=\"wpb_wrapper\"><h2 style=\"text-align: left\" class=\"vc_custom_heading vc_do_custom_heading vc_custom_1744292221969\" >Slu\u017eby &amp; Z\u00e1zem\u00ed<\/h2>\n\t<div class=\"wpb_text_column wpb_content_element\" >\n\t\t<div class=\"wpb_wrapper\">\n\t\t\t<p><span style=\"color: #000000;\"><strong>M\u00e1te v hotelu restauraci?<\/strong><\/span><br \/>\nAno, na\u0161e vlastn\u00ed restaurace Masala nab\u00edz\u00ed tradi\u010dn\u00ed indickou kuchyni z r\u016fzn\u00fdch region\u016f Indie. Pro v\u00edce informac\u00ed nav\u0161tivte <a href=\"https:\/\/masalavodickova.cz\/en\/\">https:\/\/masalavodickova.cz\/<\/a><\/p>\n<p><span style=\"color: #000000;\"><strong>Je sn\u00eddan\u011b v cen\u011b pobytu?<\/strong><\/span><br \/>\nAno, na\u0161e ceny jsou v\u017edy v\u010detn\u011b sn\u00eddan\u011b.<\/p>\n<p><span style=\"color: #000000;\"><strong>M\u00e1te v hotelu parkov\u00e1n\u00ed?<\/strong><\/span><br \/>\nP\u0159\u00edmo v hotelu parkov\u00e1n\u00ed nem\u00e1me, ale k m\u016f\u017eeme nab\u00eddnout m\u00edsta v gar\u00e1\u017ei v bl\u00edzkosti hotelu, v cen\u011b\n30 EUR za noc, je nutn\u00e1 rezervace p\u0159edem.\nKontaktujte n\u00e1s s Va\u0161\u00edm po\u017eadavkem na \u00a0info@iconhotel.eu.<\/p>\n<p><span style=\"color: #000000;\"><strong>Nab\u00edz\u00edte mo\u017enost pran\u00ed nebo \u010di\u0161t\u011bn\u00ed pr\u00e1dla?<\/strong><\/span><br \/>\nAno, m\u016f\u017eeme zajistit tyto slu\u017eby pomoc\u00ed extern\u00ed firmy. Pros\u00edme kontaktuje recepci, kter\u00e1 v\u00e1m pom\u016f\u017ee\ntuto slu\u017ebu zajistit.<\/p>\n\n\t\t<\/div>\n\t<\/div>\n<\/div><\/div><\/div><\/div><div id=\"map-transportation\" class=\"vc_row wpb_row vc_row-fluid wd-rs-684aca5c67e3d\"><div class=\"wpb_column vc_column_container vc_col-sm-12\"><div class=\"vc_column-inner\"><div class=\"wpb_wrapper\"><div class=\"vc_empty_space\"   style=\"height: 50px\"><span class=\"vc_empty_space_inner\"><\/span><\/div><h2 style=\"text-align: left\" class=\"vc_custom_heading vc_do_custom_heading vc_custom_1744292265969\" >Nab\u00eddka transfer\u016f<\/h2>\n\t<div class=\"wpb_text_column wpb_content_element\" >\n\t\t<div class=\"wpb_wrapper\">\n\t\t\t<p><span style=\"color: #000000;\"><strong>Jak se dostanu do hotelu z leti\u0161t\u011b nebo hlavn\u00edho n\u00e1dra\u017e\u00ed?<br \/>\n<\/strong><\/span><br \/>\n<em><strong>Z leti\u0161t\u011b:<\/strong><\/em><br \/>\nTaxi: Doporu\u010dujeme objednat hotelov\u00e9 taxi, kdy m\u00e1te garantovanou cenu. Kontaktujte n\u00e1s s Va\u0161\u00edm po\u017eadavkem na info@iconhotel.eu.<br \/>\nMHD: Z leti\u0161t\u011b je\u010fte trolejbusem \u010d. 59 na N\u00e1dra\u017e\u00ed Veleslav\u00edn. Potom je\u010fte metrem \u2013 zelen\u00e1 linka A \u2013 na M\u016fstek. Vystupte sm\u011brem na \u201cV\u00e1clavsk\u00e9 n\u00e1m\u011bst\u00ed\/Vodi\u010dkova ulice\u201d.<br \/>\nHotel je potom vzd\u00e1len necel\u00fdch 5 minut ch\u016fze sm\u011brem do ulice Vodi\u010dkova.<\/p>\n<p class=\"translation-block\"><b>Z hlavn\u00edho n\u00e1dra\u017e\u00ed:\u00a0<\/b><br>\nVyjdete z hlavn\u00edho vchodu sm\u011brem doprava, p\u0159es mal\u00fd park na tramvaj Hlavn\u00ed n\u00e1dra\u017e\u00ed - p\u0159ejd\u011bte na\nzast\u00e1vku na druh\u00e9 stran\u011b ulice a je\u010fte tramvaj\u00ed \u010d. 9 na zast\u00e1vku Vodi\u010dkova.\nNebo je mo\u017en\u00e9 p\u0159ij\u00edt do hotelu tak\u00e9 p\u011b\u0161ky, p\u0159es ulici Washingtonova, sm\u011brem na V\u00e1clavsk\u00e9 n\u00e1m\u011bst\u00ed,\np\u011b\u0161ky cca. 10 minut.\n<br>\nZ autobusov\u00e9ho n\u00e1dra\u017e\u00ed Florenc: <br>\nJe\u010fte metrem - \u010derven\u00e1 linka C - na Muzeum, V\u00e1clavsk\u00fdm n\u00e1m\u011bst\u00edm sm\u011brem k ulici \u0160t\u011bp\u00e1nsk\u00e1, odtud\nzahnete p\u0159\u00edmo do ulice V j\u00e1m\u011b.<\/p>\n\n\t\t<\/div>\n\t<\/div>\n<\/div><\/div><\/div><\/div><div class=\"vc_row wpb_row vc_row-fluid wd-rs-684aca4d4f635\"><div class=\"wpb_column vc_column_container vc_col-sm-12\"><div class=\"vc_column-inner\"><div class=\"wpb_wrapper\">\n\t<div class=\"wpb_text_column wpb_content_element\" >\n\t\t<div class=\"wpb_wrapper\">\n\t\t\t<p><span style=\"color: #000000;\"><strong>Poskytujete transfer z leti\u0161t\u011b do hotelu?<\/strong><\/span><br \/>\nAno, poskytujeme transfer priv\u00e1tn\u00ed limuz\u00ednou v cen\u011b 850 K\u010d\/jedna cesta.<br \/>\n\u0158idi\u010d v\u00e1s vyzvedne v p\u0159\u00edletov\u00e9 hale, m\u00e1 sebou cedulku s va\u0161\u00edm jm\u00e9nem.\u00a0\nPlatba je mo\u017en\u00e1 hotov\u011b nebo kreditn\u00ed kartou. Pro rezervaci n\u00e1s kontaktujte na emailu\n\u00a0info@iconhotel.eu\u00a0a sd\u011blte n\u00e1m n\u00e1sleduj\u00edc\u00ed informace:<\/p>\n<p class=\"translation-block\">\u010c\u00edslo letu <br>\nN\u00e1zev leteck\u00e9 spole\u010dnosti <br>\nDatum a \u010das p\u0159ist\u00e1n\u00ed <br>\nPo\u010det d\u011bt\u00ed (jestli ano) a jejich v\u011bk<\/p>\n<p>Pro v\u011bt\u0161\u00ed skupiny nebo v\u011bt\u0161\u00ed mno\u017estv\u00ed zavazadel V\u00e1m zajist\u00edme minibus v cen\u011b\u00a01150 K\u010d\/1 cesta.<\/p>\n\n\t\t<\/div>\n\t<\/div>\n<div class=\"wpb_gmaps_widget wpb_content_element vc_custom_1746704264889\"><div class=\"wpb_wrapper\"><div class=\"wpb_map_wraper\"><iframe src=\"https:\/\/www.google.com\/maps\/embed?pb=!1m14!1m8!1m3!1d1280.1662392804078!2d14.4242469!3d50.0800617!3m2!1i1024!2i768!4f13.1!3m3!1m2!1s0x470b94f298a06af7%3A0xe178499ed653d2a0!2sThe%20ICON%20Hotel%20%26%20Lounge!5e0!3m2!1sen!2sgr!4v1746704222854!5m2!1sen!2sgr\" width=\"600\" height=\"150\" style=\"border:0px;\" allowfullscreen=\"\" loading=\"lazy\" referrerpolicy=\"no-referrer-when-downgrade\"><\/iframe><\/div><\/div><\/div><div class=\"vc_empty_space\"   style=\"height: 50px\"><span class=\"vc_empty_space_inner\"><\/span><\/div><\/div><\/div><\/div><\/div><div class=\"vc_row wpb_row vc_row-fluid\"><div class=\"wpb_column vc_column_container vc_col-sm-12\"><div class=\"vc_column-inner\"><div class=\"wpb_wrapper\"><h2 style=\"text-align: left\" class=\"vc_custom_heading vc_do_custom_heading vc_custom_1744292357072\" >Policies &amp; Special Requests<\/h2>\n\t<div class=\"wpb_text_column wpb_content_element\" >\n\t\t<div class=\"wpb_wrapper\">\n\t\t\t<p><span style=\"color: #000000;\"><strong>Jak\u00e9 m\u00e1te podm\u00ednky pro kou\u0159en\u00ed v hotelu?<\/strong><\/span><br \/>\nKou\u0159en\u00ed je ve v\u0161ech prostor\u00e1ch hotelu a v pokoj\u00edch p\u0159\u00edsn\u011b zak\u00e1z\u00e1no.<\/p>\n<p><span style=\"color: #000000;\"><strong>Mohu si vy\u017e\u00e1dat ur\u010dit\u00fd pokoj nebo patro?<\/strong><\/span><br \/>\nTakov\u00e9 po\u017eadavky v\u017edy z\u00e1vis\u00ed na aktu\u00e1ln\u00ed dispozici hotelu.<\/p>\n<p><span style=\"color: #000000;\"><strong>M\u00e1te mo\u017enost vyj\u00edt vst\u0159\u00edc po\u017eadavk\u016fm na speci\u00e1ln\u00ed diety?<\/strong><\/span><br \/>\nAno! Dejte n\u00e1m v\u011bd\u011bt, jak\u00e9 m\u00e1te po\u017eadavky a ur\u010dit\u011b v\u00e1m vyhov\u00edme.<\/p>\n<p><span style=\"color: #000000;\"><strong>Mohu si p\u0159ed p\u0159\u00edjezdem a po odjezdu u v\u00e1s uschovat zavazadla?<\/strong><\/span><br \/>\nAno, nab\u00edz\u00edme ulo\u017een\u00ed zavazadel zdarma, tak dlouho, jak budete pot\u0159ebovat.<\/p>\n<p><span style=\"color: #000000;\"><strong>M\u00e1te pokoje vybaven\u00e9 pro handicapovan\u00e9 hosty?<\/strong><\/span><br \/>\nBohu\u017eel, takov\u00e9 pokoje nenab\u00edz\u00edme.<\/p>\n\n\t\t<\/div>\n\t<\/div>\n<\/div><\/div><\/div><\/div>\n<\/div>","protected":false},"excerpt":{"rendered":"FAQGeneral Information Where is the hotel located? The ICON Hotel &amp; Lounge is conveniently located just 200 meters from Wenceslas","protected":false},"author":2,"featured_media":0,"parent":0,"menu_order":0,"comment_status":"closed","ping_status":"closed","template":"","meta":{"_acf_changed":false,"footnotes":""},"class_list":["post-543","page","type-page","status-publish","hentry"],"acf":[],"yoast_head":"<!-- This site is optimized with the Yoast SEO plugin v27.4 - https:\/\/yoast.com\/product\/yoast-seo-wordpress\/ -->\n<title>FAQ - The Icon Prague<\/title>\n<meta name=\"robots\" content=\"index, follow, max-snippet:-1, max-image-preview:large, max-video-preview:-1\" \/>\n<link rel=\"canonical\" href=\"https:\/\/www.iconhotel.eu\/cz\/faq\/\" \/>\n<meta property=\"og:locale\" content=\"cs_CZ\" \/>\n<meta property=\"og:type\" content=\"article\" \/>\n<meta property=\"og:title\" content=\"FAQ - The Icon Prague\" \/>\n<meta property=\"og:url\" content=\"https:\/\/www.iconhotel.eu\/cz\/faq\/\" \/>\n<meta property=\"og:site_name\" content=\"The Icon Prague\" \/>\n<meta property=\"article:modified_time\" content=\"2025-06-12T12:51:43+00:00\" \/>\n<meta name=\"twitter:card\" content=\"summary_large_image\" \/>\n<meta name=\"twitter:label1\" content=\"Odhadovan\u00e1 doba \u010dten\u00ed\" \/>\n\t<meta name=\"twitter:data1\" content=\"5 minut\" \/>\n<script type=\"application\/ld+json\" class=\"yoast-schema-graph\">{\"@context\":\"https:\\\/\\\/schema.org\",\"@graph\":[{\"@type\":\"WebPage\",\"@id\":\"https:\\\/\\\/www.iconhotel.eu\\\/faq\\\/\",\"url\":\"https:\\\/\\\/www.iconhotel.eu\\\/faq\\\/\",\"name\":\"FAQ - The Icon Prague\",\"isPartOf\":{\"@id\":\"https:\\\/\\\/www.iconhotel.eu\\\/#website\"},\"datePublished\":\"2025-04-10T13:24:22+00:00\",\"dateModified\":\"2025-06-12T12:51:43+00:00\",\"breadcrumb\":{\"@id\":\"https:\\\/\\\/www.iconhotel.eu\\\/faq\\\/#breadcrumb\"},\"inLanguage\":\"cs\",\"potentialAction\":[{\"@type\":\"ReadAction\",\"target\":[\"https:\\\/\\\/www.iconhotel.eu\\\/faq\\\/\"]}]},{\"@type\":\"BreadcrumbList\",\"@id\":\"https:\\\/\\\/www.iconhotel.eu\\\/faq\\\/#breadcrumb\",\"itemListElement\":[{\"@type\":\"ListItem\",\"position\":1,\"name\":\"HOME\",\"item\":\"https:\\\/\\\/www.iconhotel.eu\\\/\"},{\"@type\":\"ListItem\",\"position\":2,\"name\":\"FAQ\"}]},{\"@type\":\"WebSite\",\"@id\":\"https:\\\/\\\/www.iconhotel.eu\\\/#website\",\"url\":\"https:\\\/\\\/www.iconhotel.eu\\\/\",\"name\":\"The Icon Prague\",\"description\":\"\",\"potentialAction\":[{\"@type\":\"SearchAction\",\"target\":{\"@type\":\"EntryPoint\",\"urlTemplate\":\"https:\\\/\\\/www.iconhotel.eu\\\/?s={search_term_string}\"},\"query-input\":{\"@type\":\"PropertyValueSpecification\",\"valueRequired\":true,\"valueName\":\"search_term_string\"}}],\"inLanguage\":\"cs\"}]}<\/script>\n<!-- \/ Yoast SEO plugin. -->","yoast_head_json":{"title":"FAQ - The Icon Prague","robots":{"index":"index","follow":"follow","max-snippet":"max-snippet:-1","max-image-preview":"max-image-preview:large","max-video-preview":"max-video-preview:-1"},"canonical":"https:\/\/www.iconhotel.eu\/cz\/faq\/","og_locale":"cs_CZ","og_type":"article","og_title":"FAQ - The Icon Prague","og_url":"https:\/\/www.iconhotel.eu\/cz\/faq\/","og_site_name":"The Icon Prague","article_modified_time":"2025-06-12T12:51:43+00:00","twitter_card":"summary_large_image","twitter_misc":{"Odhadovan\u00e1 doba \u010dten\u00ed":"5 minut"},"schema":{"@context":"https:\/\/schema.org","@graph":[{"@type":"WebPage","@id":"https:\/\/www.iconhotel.eu\/faq\/","url":"https:\/\/www.iconhotel.eu\/faq\/","name":"FAQ - The Icon Prague","isPartOf":{"@id":"https:\/\/www.iconhotel.eu\/#website"},"datePublished":"2025-04-10T13:24:22+00:00","dateModified":"2025-06-12T12:51:43+00:00","breadcrumb":{"@id":"https:\/\/www.iconhotel.eu\/faq\/#breadcrumb"},"inLanguage":"cs","potentialAction":[{"@type":"ReadAction","target":["https:\/\/www.iconhotel.eu\/faq\/"]}]},{"@type":"BreadcrumbList","@id":"https:\/\/www.iconhotel.eu\/faq\/#breadcrumb","itemListElement":[{"@type":"ListItem","position":1,"name":"HOME","item":"https:\/\/www.iconhotel.eu\/"},{"@type":"ListItem","position":2,"name":"FAQ"}]},{"@type":"WebSite","@id":"https:\/\/www.iconhotel.eu\/#website","url":"https:\/\/www.iconhotel.eu\/","name":"The Icon Prague","description":"","potentialAction":[{"@type":"SearchAction","target":{"@type":"EntryPoint","urlTemplate":"https:\/\/www.iconhotel.eu\/?s={search_term_string}"},"query-input":{"@type":"PropertyValueSpecification","valueRequired":true,"valueName":"search_term_string"}}],"inLanguage":"cs"}]}},"_links":{"self":[{"href":"https:\/\/www.iconhotel.eu\/cz\/wp-json\/wp\/v2\/pages\/543","targetHints":{"allow":["GET"]}}],"collection":[{"href":"https:\/\/www.iconhotel.eu\/cz\/wp-json\/wp\/v2\/pages"}],"about":[{"href":"https:\/\/www.iconhotel.eu\/cz\/wp-json\/wp\/v2\/types\/page"}],"author":[{"embeddable":true,"href":"https:\/\/www.iconhotel.eu\/cz\/wp-json\/wp\/v2\/users\/2"}],"replies":[{"embeddable":true,"href":"https:\/\/www.iconhotel.eu\/cz\/wp-json\/wp\/v2\/comments?post=543"}],"version-history":[{"count":14,"href":"https:\/\/www.iconhotel.eu\/cz\/wp-json\/wp\/v2\/pages\/543\/revisions"}],"predecessor-version":[{"id":1182,"href":"https:\/\/www.iconhotel.eu\/cz\/wp-json\/wp\/v2\/pages\/543\/revisions\/1182"}],"wp:attachment":[{"href":"https:\/\/www.iconhotel.eu\/cz\/wp-json\/wp\/v2\/media?parent=543"}],"curies":[{"name":"wp","href":"https:\/\/api.w.org\/{rel}","templated":true}]}}