{"id":53,"date":"2025-03-06T11:52:42","date_gmt":"2025-03-06T11:52:42","guid":{"rendered":"http:\/\/icon.eu.uvirt136.active24.cz\/?page_id=53"},"modified":"2025-03-07T12:18:56","modified_gmt":"2025-03-07T12:18:56","slug":"home","status":"publish","type":"page","link":"https:\/\/www.iconhotel.eu\/cz\/home\/","title":{"rendered":"HOME"},"content":{"rendered":"<div class=\"wpb-content-wrapper\"><div data-vc-full-width=\"true\" data-vc-full-width-temp=\"true\" data-vc-full-width-init=\"false\" data-vc-stretch-content=\"true\" class=\"vc_row wpb_row vc_row-fluid rowscroll vc_custom_1741348809761 vc_row-has-fill vc_row-no-padding vc_row-o-full-height vc_row-o-columns-middle vc_row-o-content-middle vc_row-flex wd-rs-67cadfc62fdb4 wd-section-stretch-content-no-pd\"><div class=\"wpb_column vc_column_container vc_col-sm-12\"><div class=\"vc_column-inner\"><div class=\"wpb_wrapper\">\n\t<div  class=\"wpb_single_image wpb_content_element vc_align_center\">\n\t\t\n\t\t<figure class=\"wpb_wrapper vc_figure\">\n\t\t\t<div class=\"vc_single_image-wrapper   vc_box_border_grey\"><img loading=\"lazy\" decoding=\"async\" width=\"1024\" height=\"277\" src=\"https:\/\/www.iconhotel.eu\/wp-content\/uploads\/2025\/03\/01_LANDING-PAGE-01-1024x277.png\" class=\"vc_single_image-img attachment-large\" alt=\"\" title=\"01_LANDING PAGE-01\" srcset=\"https:\/\/www.iconhotel.eu\/wp-content\/uploads\/2025\/03\/01_LANDING-PAGE-01-1024x277.png 1024w, https:\/\/www.iconhotel.eu\/wp-content\/uploads\/2025\/03\/01_LANDING-PAGE-01-300x81.png 300w, https:\/\/www.iconhotel.eu\/wp-content\/uploads\/2025\/03\/01_LANDING-PAGE-01-768x208.png 768w, https:\/\/www.iconhotel.eu\/wp-content\/uploads\/2025\/03\/01_LANDING-PAGE-01-1536x416.png 1536w, https:\/\/www.iconhotel.eu\/wp-content\/uploads\/2025\/03\/01_LANDING-PAGE-01-2048x554.png 2048w, https:\/\/www.iconhotel.eu\/wp-content\/uploads\/2025\/03\/01_LANDING-PAGE-01-600x162.png 600w, https:\/\/www.iconhotel.eu\/wp-content\/uploads\/2025\/03\/01_LANDING-PAGE-01-150x41.png 150w\" sizes=\"auto, (max-width: 1024px) 100vw, 1024px\" \/><\/div>\n\t\t<\/figure>\n\t<\/div>\n<\/div><\/div><\/div><\/div><div class=\"vc_row-full-width vc_clearfix\"><\/div><div data-vc-full-width=\"true\" data-vc-full-width-temp=\"true\" data-vc-full-width-init=\"false\" data-vc-stretch-content=\"true\" class=\"vc_row wpb_row vc_row-fluid rowscroll vc_custom_1741348815024 vc_row-has-fill vc_row-no-padding vc_row-o-full-height vc_row-o-columns-middle vc_row-o-content-middle vc_row-flex wd-rs-67cadfcb60613 wd-section-stretch-content-no-pd\"><div class=\"wpb_column vc_column_container vc_col-sm-12\"><div class=\"vc_column-inner\"><div class=\"wpb_wrapper\">\n\t<div  class=\"wpb_single_image wpb_content_element vc_align_center\">\n\t\t\n\t\t<figure class=\"wpb_wrapper vc_figure\">\n\t\t\t<div class=\"vc_single_image-wrapper   vc_box_border_grey\"><img loading=\"lazy\" decoding=\"async\" width=\"1024\" height=\"276\" src=\"https:\/\/www.iconhotel.eu\/wp-content\/uploads\/2025\/03\/02_LANDING-PAGE-02-1024x276.png\" class=\"vc_single_image-img attachment-large\" alt=\"\" title=\"02_LANDING PAGE-02\" srcset=\"https:\/\/www.iconhotel.eu\/wp-content\/uploads\/2025\/03\/02_LANDING-PAGE-02-1024x276.png 1024w, https:\/\/www.iconhotel.eu\/wp-content\/uploads\/2025\/03\/02_LANDING-PAGE-02-300x81.png 300w, https:\/\/www.iconhotel.eu\/wp-content\/uploads\/2025\/03\/02_LANDING-PAGE-02-768x207.png 768w, https:\/\/www.iconhotel.eu\/wp-content\/uploads\/2025\/03\/02_LANDING-PAGE-02-1536x415.png 1536w, https:\/\/www.iconhotel.eu\/wp-content\/uploads\/2025\/03\/02_LANDING-PAGE-02-2048x553.png 2048w, https:\/\/www.iconhotel.eu\/wp-content\/uploads\/2025\/03\/02_LANDING-PAGE-02-600x162.png 600w, https:\/\/www.iconhotel.eu\/wp-content\/uploads\/2025\/03\/02_LANDING-PAGE-02-150x40.png 150w\" sizes=\"auto, (max-width: 1024px) 100vw, 1024px\" \/><\/div>\n\t\t<\/figure>\n\t<\/div>\n<\/div><\/div><\/div><\/div><div class=\"vc_row-full-width vc_clearfix\"><\/div><div data-vc-full-width=\"true\" data-vc-full-width-temp=\"true\" data-vc-full-width-init=\"false\" data-vc-stretch-content=\"true\" class=\"vc_row wpb_row vc_row-fluid rowscroll vc_custom_1741348819985 vc_row-has-fill vc_row-no-padding vc_row-o-full-height vc_row-o-columns-middle vc_row-o-content-middle vc_row-flex wd-rs-67cadfd04158f wd-section-stretch-content-no-pd\"><div class=\"wpb_column vc_column_container vc_col-sm-12\"><div class=\"vc_column-inner\"><div class=\"wpb_wrapper\">\n\t<div  class=\"wpb_single_image wpb_content_element vc_align_center\">\n\t\t\n\t\t<figure class=\"wpb_wrapper vc_figure\">\n\t\t\t<div class=\"vc_single_image-wrapper   vc_box_border_grey\"><img loading=\"lazy\" decoding=\"async\" width=\"1024\" height=\"276\" src=\"https:\/\/www.iconhotel.eu\/wp-content\/uploads\/2025\/03\/03_LANDING-PAGE-03-1024x276.png\" class=\"vc_single_image-img attachment-large\" alt=\"\" title=\"03_LANDING PAGE-03\" srcset=\"https:\/\/www.iconhotel.eu\/wp-content\/uploads\/2025\/03\/03_LANDING-PAGE-03-1024x276.png 1024w, https:\/\/www.iconhotel.eu\/wp-content\/uploads\/2025\/03\/03_LANDING-PAGE-03-300x81.png 300w, https:\/\/www.iconhotel.eu\/wp-content\/uploads\/2025\/03\/03_LANDING-PAGE-03-768x207.png 768w, https:\/\/www.iconhotel.eu\/wp-content\/uploads\/2025\/03\/03_LANDING-PAGE-03-1536x415.png 1536w, https:\/\/www.iconhotel.eu\/wp-content\/uploads\/2025\/03\/03_LANDING-PAGE-03-2048x553.png 2048w, https:\/\/www.iconhotel.eu\/wp-content\/uploads\/2025\/03\/03_LANDING-PAGE-03-600x162.png 600w, https:\/\/www.iconhotel.eu\/wp-content\/uploads\/2025\/03\/03_LANDING-PAGE-03-150x40.png 150w\" sizes=\"auto, (max-width: 1024px) 100vw, 1024px\" \/><\/div>\n\t\t<\/figure>\n\t<\/div>\n<\/div><\/div><\/div><\/div><div class=\"vc_row-full-width vc_clearfix\"><\/div><div data-vc-full-width=\"true\" data-vc-full-width-temp=\"true\" data-vc-full-width-init=\"false\" data-vc-stretch-content=\"true\" class=\"vc_row wpb_row vc_row-fluid rowscroll vc_custom_1741348825473 vc_row-has-fill vc_row-no-padding vc_row-o-full-height vc_row-o-columns-top vc_row-o-content-top vc_row-flex wd-rs-67cadfd6c2980 wd-section-stretch-content-no-pd\"><div class=\"wpb_column vc_column_container vc_col-sm-12\"><div class=\"vc_column-inner\"><div class=\"wpb_wrapper\">\n\t<div  class=\"wpb_single_image wpb_content_element vc_align_center\">\n\t\t\n\t\t<figure class=\"wpb_wrapper vc_figure\">\n\t\t\t<div class=\"vc_single_image-wrapper   vc_box_border_grey\"><img loading=\"lazy\" decoding=\"async\" width=\"150\" height=\"150\" src=\"https:\/\/www.iconhotel.eu\/wp-content\/uploads\/2025\/03\/04LANDING-PAGE-04-1-150x150.png\" class=\"vc_single_image-img attachment-thumbnail\" alt=\"\" title=\"04LANDING PAGE-04 (1)\" srcset=\"https:\/\/www.iconhotel.eu\/wp-content\/uploads\/2025\/03\/04LANDING-PAGE-04-1-150x150.png 150w, https:\/\/www.iconhotel.eu\/wp-content\/uploads\/2025\/03\/04LANDING-PAGE-04-1-300x300.png 300w\" sizes=\"auto, (max-width: 150px) 100vw, 150px\" \/><\/div>\n\t\t<\/figure>\n\t<\/div>\n<\/div><\/div><\/div><\/div><div class=\"vc_row-full-width vc_clearfix\"><\/div><div id=\"final-row-homepage\" data-vc-full-width=\"true\" data-vc-full-width-temp=\"true\" data-vc-full-width-init=\"false\" data-vc-stretch-content=\"true\" class=\"vc_row wpb_row vc_row-fluid rowscroll vc_custom_1741348829841 vc_row-has-fill vc_row-no-padding vc_row-o-full-height vc_row-o-columns-top vc_row-o-content-top vc_row-flex wd-rs-67cadfda977ec wd-section-stretch-content-no-pd\"><div class=\"wpb_column vc_column_container vc_col-sm-12\"><div class=\"vc_column-inner\"><div class=\"wpb_wrapper\"><\/div><\/div><\/div><\/div><div class=\"vc_row-full-width vc_clearfix\"><\/div>\n<\/div>","protected":false},"excerpt":{"rendered":"","protected":false},"author":2,"featured_media":0,"parent":0,"menu_order":0,"comment_status":"closed","ping_status":"closed","template":"","meta":{"_acf_changed":false,"footnotes":""},"class_list":["post-53","page","type-page","status-publish","hentry"],"acf":[],"yoast_head":"<!-- This site is optimized with the Yoast SEO plugin v27.5 - https:\/\/yoast.com\/product\/yoast-seo-wordpress\/ -->\n<title>HOME - The Icon Prague<\/title>\n<meta name=\"robots\" content=\"index, follow, max-snippet:-1, max-image-preview:large, max-video-preview:-1\" \/>\n<link rel=\"canonical\" href=\"https:\/\/www.iconhotel.eu\/cz\/home\/\" \/>\n<meta property=\"og:locale\" content=\"cs_CZ\" \/>\n<meta property=\"og:type\" content=\"article\" \/>\n<meta property=\"og:title\" content=\"HOME - The Icon Prague\" \/>\n<meta property=\"og:url\" content=\"https:\/\/www.iconhotel.eu\/cz\/home\/\" \/>\n<meta property=\"og:site_name\" content=\"The Icon Prague\" \/>\n<meta property=\"article:modified_time\" content=\"2025-03-07T12:18:56+00:00\" \/>\n<meta name=\"twitter:card\" content=\"summary_large_image\" \/>\n<meta name=\"twitter:label1\" content=\"Odhadovan\u00e1 doba \u010dten\u00ed\" \/>\n\t<meta name=\"twitter:data1\" content=\"3 minuty\" \/>\n<script type=\"application\/ld+json\" class=\"yoast-schema-graph\">{\"@context\":\"https:\\\/\\\/schema.org\",\"@graph\":[{\"@type\":\"WebPage\",\"@id\":\"https:\\\/\\\/www.iconhotel.eu\\\/home\\\/\",\"url\":\"https:\\\/\\\/www.iconhotel.eu\\\/home\\\/\",\"name\":\"HOME - The Icon Prague\",\"isPartOf\":{\"@id\":\"https:\\\/\\\/www.iconhotel.eu\\\/#website\"},\"datePublished\":\"2025-03-06T11:52:42+00:00\",\"dateModified\":\"2025-03-07T12:18:56+00:00\",\"breadcrumb\":{\"@id\":\"https:\\\/\\\/www.iconhotel.eu\\\/home\\\/#breadcrumb\"},\"inLanguage\":\"cs\",\"potentialAction\":[{\"@type\":\"ReadAction\",\"target\":[\"https:\\\/\\\/www.iconhotel.eu\\\/home\\\/\"]}]},{\"@type\":\"BreadcrumbList\",\"@id\":\"https:\\\/\\\/www.iconhotel.eu\\\/home\\\/#breadcrumb\",\"itemListElement\":[{\"@type\":\"ListItem\",\"position\":1,\"name\":\"HOME\",\"item\":\"https:\\\/\\\/www.iconhotel.eu\\\/\"},{\"@type\":\"ListItem\",\"position\":2,\"name\":\"HOME\"}]},{\"@type\":\"WebSite\",\"@id\":\"https:\\\/\\\/www.iconhotel.eu\\\/#website\",\"url\":\"https:\\\/\\\/www.iconhotel.eu\\\/\",\"name\":\"The Icon Prague\",\"description\":\"\",\"potentialAction\":[{\"@type\":\"SearchAction\",\"target\":{\"@type\":\"EntryPoint\",\"urlTemplate\":\"https:\\\/\\\/www.iconhotel.eu\\\/?s={search_term_string}\"},\"query-input\":{\"@type\":\"PropertyValueSpecification\",\"valueRequired\":true,\"valueName\":\"search_term_string\"}}],\"inLanguage\":\"cs\"}]}<\/script>\n<!-- \/ Yoast SEO plugin. -->","yoast_head_json":{"title":"HOME - The Icon Prague","robots":{"index":"index","follow":"follow","max-snippet":"max-snippet:-1","max-image-preview":"max-image-preview:large","max-video-preview":"max-video-preview:-1"},"canonical":"https:\/\/www.iconhotel.eu\/cz\/home\/","og_locale":"cs_CZ","og_type":"article","og_title":"HOME - The Icon Prague","og_url":"https:\/\/www.iconhotel.eu\/cz\/home\/","og_site_name":"The Icon Prague","article_modified_time":"2025-03-07T12:18:56+00:00","twitter_card":"summary_large_image","twitter_misc":{"Odhadovan\u00e1 doba \u010dten\u00ed":"3 minuty"},"schema":{"@context":"https:\/\/schema.org","@graph":[{"@type":"WebPage","@id":"https:\/\/www.iconhotel.eu\/home\/","url":"https:\/\/www.iconhotel.eu\/home\/","name":"HOME - The Icon Prague","isPartOf":{"@id":"https:\/\/www.iconhotel.eu\/#website"},"datePublished":"2025-03-06T11:52:42+00:00","dateModified":"2025-03-07T12:18:56+00:00","breadcrumb":{"@id":"https:\/\/www.iconhotel.eu\/home\/#breadcrumb"},"inLanguage":"cs","potentialAction":[{"@type":"ReadAction","target":["https:\/\/www.iconhotel.eu\/home\/"]}]},{"@type":"BreadcrumbList","@id":"https:\/\/www.iconhotel.eu\/home\/#breadcrumb","itemListElement":[{"@type":"ListItem","position":1,"name":"HOME","item":"https:\/\/www.iconhotel.eu\/"},{"@type":"ListItem","position":2,"name":"HOME"}]},{"@type":"WebSite","@id":"https:\/\/www.iconhotel.eu\/#website","url":"https:\/\/www.iconhotel.eu\/","name":"The Icon Prague","description":"","potentialAction":[{"@type":"SearchAction","target":{"@type":"EntryPoint","urlTemplate":"https:\/\/www.iconhotel.eu\/?s={search_term_string}"},"query-input":{"@type":"PropertyValueSpecification","valueRequired":true,"valueName":"search_term_string"}}],"inLanguage":"cs"}]}},"_links":{"self":[{"href":"https:\/\/www.iconhotel.eu\/cz\/wp-json\/wp\/v2\/pages\/53","targetHints":{"allow":["GET"]}}],"collection":[{"href":"https:\/\/www.iconhotel.eu\/cz\/wp-json\/wp\/v2\/pages"}],"about":[{"href":"https:\/\/www.iconhotel.eu\/cz\/wp-json\/wp\/v2\/types\/page"}],"author":[{"embeddable":true,"href":"https:\/\/www.iconhotel.eu\/cz\/wp-json\/wp\/v2\/users\/2"}],"replies":[{"embeddable":true,"href":"https:\/\/www.iconhotel.eu\/cz\/wp-json\/wp\/v2\/comments?post=53"}],"version-history":[{"count":9,"href":"https:\/\/www.iconhotel.eu\/cz\/wp-json\/wp\/v2\/pages\/53\/revisions"}],"predecessor-version":[{"id":192,"href":"https:\/\/www.iconhotel.eu\/cz\/wp-json\/wp\/v2\/pages\/53\/revisions\/192"}],"wp:attachment":[{"href":"https:\/\/www.iconhotel.eu\/cz\/wp-json\/wp\/v2\/media?parent=53"}],"curies":[{"name":"wp","href":"https:\/\/api.w.org\/{rel}","templated":true}]}}