{"id":456,"date":"2025-04-09T15:04:17","date_gmt":"2025-04-09T15:04:17","guid":{"rendered":"http:\/\/icon.eu.uvirt136.active24.cz\/?page_id=456"},"modified":"2026-03-25T09:11:03","modified_gmt":"2026-03-25T09:11:03","slug":"meetings","status":"publish","type":"page","link":"https:\/\/www.iconhotel.eu\/cz\/meetings\/","title":{"rendered":"Konferen\u010dn\u00ed prostory"},"content":{"rendered":"<div class=\"wpb-content-wrapper\"><div class=\"vc_row wpb_row vc_row-fluid vc_custom_1744211564522 vc_row-has-fill wd-bg-right-center wd-rs-67f68e5e76bf2\"><div class=\"wpb_column vc_column_container vc_col-sm-12 wd-enabled-flex wd-rs-67f68e7047d00\"><div class=\"vc_column-inner vc_custom_1744211581187\"><div class=\"wpb_wrapper\">\n\t<div  class=\"wpb_single_image wpb_content_element vc_align_left vc_custom_1774429854402\">\n\t\t\n\t\t<figure class=\"wpb_wrapper vc_figure\">\n\t\t\t<div class=\"vc_single_image-wrapper   vc_box_border_grey\"><img loading=\"lazy\" decoding=\"async\" width=\"2560\" height=\"1538\" src=\"https:\/\/www.iconhotel.eu\/wp-content\/uploads\/2026\/03\/01_MEETINGS-scaled.png\" class=\"vc_single_image-img attachment-full\" alt=\"\" title=\"01_MEETINGS\" srcset=\"https:\/\/www.iconhotel.eu\/wp-content\/uploads\/2026\/03\/01_MEETINGS-scaled.png 2560w, https:\/\/www.iconhotel.eu\/wp-content\/uploads\/2026\/03\/01_MEETINGS-300x180.png 300w, https:\/\/www.iconhotel.eu\/wp-content\/uploads\/2026\/03\/01_MEETINGS-1024x615.png 1024w, https:\/\/www.iconhotel.eu\/wp-content\/uploads\/2026\/03\/01_MEETINGS-768x461.png 768w, https:\/\/www.iconhotel.eu\/wp-content\/uploads\/2026\/03\/01_MEETINGS-1536x923.png 1536w, https:\/\/www.iconhotel.eu\/wp-content\/uploads\/2026\/03\/01_MEETINGS-2048x1231.png 2048w, https:\/\/www.iconhotel.eu\/wp-content\/uploads\/2026\/03\/01_MEETINGS-18x12.png 18w, https:\/\/www.iconhotel.eu\/wp-content\/uploads\/2026\/03\/01_MEETINGS-600x361.png 600w, https:\/\/www.iconhotel.eu\/wp-content\/uploads\/2026\/03\/01_MEETINGS-150x90.png 150w\" sizes=\"auto, (max-width: 2560px) 100vw, 2560px\" \/><\/div>\n\t\t<\/figure>\n\t<\/div>\n<\/div><\/div><\/div><\/div><div class=\"vc_row wpb_row vc_row-fluid\"><div class=\"wpb_column vc_column_container vc_col-sm-12\"><div class=\"vc_column-inner\"><div class=\"wpb_wrapper\"><h1 style=\"font-size: 36px;text-align: left\" class=\"vc_custom_heading vc_do_custom_heading custom-bordered-title\" >Konferen\u010dn\u00ed prostory<\/h1><\/div><\/div><\/div><\/div><div class=\"vc_row wpb_row vc_row-fluid\"><div class=\"wpb_column vc_column_container vc_col-sm-8\"><div class=\"vc_column-inner\"><div class=\"wpb_wrapper\">\n\t<div class=\"wpb_text_column wpb_content_element wd-animation wd-transform wd-animation-slide-from-bottom wd-animation-normal\" >\n\t\t<div class=\"wpb_wrapper\">\n\t\t\t<p>V Icon Hotelu se nach\u00e1z\u00ed Business lounge, speci\u00e1ln\u011b vytvo\u0159en\u00e1 pro relaxaci ve stylov\u00e9m prostoru, kde\nsi mohou host\u00e9 odpo\u010dinout po n\u00e1ro\u010dn\u00e9m dni nebo jen tak relaxovat v p\u0159\u00edjemn\u00e9m klidu. A\u0165 u\u017e se\npotk\u00e1v\u00e1te s p\u0159\u00e1teli, chcete si p\u0159e\u010d\u00edst kn\u00ed\u017eku, nebo jen si d\u00e1t malou pauzu, na\u0161e lounge bude t\u00edm\nprav\u00fdm m\u00edstem pro komfortn\u00ed relaxaci.<\/p>\n<p>Pro soukrom\u00e1 obchodn\u00ed jedn\u00e1n\u00ed nab\u00edz\u00edme firm\u00e1m setk\u00e1n\u00ed kolem inspirativn\u00edho a historick\u00e9ho\njednac\u00edho stolu v\u00a0Business lounge. P\u016fvodn\u011b jde o sou\u010d\u00e1st Ba\u0165ovy tov\u00e1rny ze Zl\u00edna, kter\u00e1 se proslavila\ninovativn\u00ed produkc\u00ed a mana\u017eersk\u00fdmi standardy p\u0159i v\u00fdrob\u011b obuvi po cel\u00e9m sv\u011bt\u011b. Tento dlouh\u00fd a\nprostorn\u00fd jednac\u00ed st\u016fl nab\u00edz\u00ed m\u00edsto pro maxim\u00e1ln\u011b 10 osob. Business lounge je tak\u00e9 vybavena chytrou\nteleviz\u00ed o velikosti 55 palc\u016f, vysokorychlostn\u00edm Wifi p\u0159ipojen\u00edm na internet a vyhov\u00ed v\u0161em po\u017eadavk\u016fm\npro men\u0161\u00ed obchodn\u00ed jedn\u00e1n\u00ed.<\/p>\n<p>Pro dal\u0161\u00ed informace nebo rezervaci firemn\u00ed akce n\u00e1s kontaktujte na emailu: <a href=\"mailto:sales@iconhotel.eu\">sales@iconhotel.eu<\/a><\/p>\n\n\t\t<\/div>\n\t<\/div>\n<\/div><\/div><\/div><div class=\"wpb_column vc_column_container vc_col-sm-4\"><div class=\"vc_column-inner\"><div class=\"wpb_wrapper\"><\/div><\/div><\/div><\/div><div class=\"vc_row wpb_row vc_row-fluid\"><div class=\"wpb_column vc_column_container vc_col-sm-6 vc_hidden-xs wd-rs-6839c06b781b9\"><div class=\"vc_column-inner\"><div class=\"wpb_wrapper\">\n\t<div  class=\"wpb_single_image wpb_content_element vc_align_left\">\n\t\t\n\t\t<figure class=\"wpb_wrapper vc_figure\">\n\t\t\t<div class=\"vc_single_image-wrapper   vc_box_border_grey\"><img loading=\"lazy\" decoding=\"async\" width=\"1024\" height=\"462\" src=\"https:\/\/www.iconhotel.eu\/wp-content\/uploads\/2025\/04\/49411247_BLANK.psd_2-1024x462.jpg\" class=\"vc_single_image-img attachment-large\" alt=\"\" title=\"49411247_BLANK.psd_2\" srcset=\"https:\/\/www.iconhotel.eu\/wp-content\/uploads\/2025\/04\/49411247_BLANK.psd_2-1024x462.jpg 1024w, https:\/\/www.iconhotel.eu\/wp-content\/uploads\/2025\/04\/49411247_BLANK.psd_2-300x135.jpg 300w, https:\/\/www.iconhotel.eu\/wp-content\/uploads\/2025\/04\/49411247_BLANK.psd_2-768x347.jpg 768w, https:\/\/www.iconhotel.eu\/wp-content\/uploads\/2025\/04\/49411247_BLANK.psd_2-600x271.jpg 600w, https:\/\/www.iconhotel.eu\/wp-content\/uploads\/2025\/04\/49411247_BLANK.psd_2-150x68.jpg 150w, https:\/\/www.iconhotel.eu\/wp-content\/uploads\/2025\/04\/49411247_BLANK.psd_2.jpg 1130w\" sizes=\"auto, (max-width: 1024px) 100vw, 1024px\" \/><\/div>\n\t\t<\/figure>\n\t<\/div>\n<\/div><\/div><\/div><div class=\"wpb_column vc_column_container vc_col-sm-4\"><div class=\"vc_column-inner\"><div class=\"wpb_wrapper\">\t\t<div id=\"gallery_781\" class=\"wd-images-gallery wd-wpb wd-rs-69bd6ace2061d vc_custom_1774021344296\" style=\"--wd-justify-content:right;--wd-align-items:flex-start;\">\n\t\t\t\n\t\t\t<div class=\"wd-grid-f-col wd-masonry\" style=\"--wd-col-lg:1;--wd-col-md:1;--wd-col-sm:2;--wd-gap-lg:20px;--wd-gap-sm:10px;\">\n\t\t\t\t\n\t\t\t\t\t\t\t\t\t\t\t\t\t\t\t<div class=\"wd-gallery-item wd-col\">\n\t\t\t\t\t\t\t\n\t\t\t\t\t\t\t\t<img loading=\"lazy\" decoding=\"async\" width=\"798\" height=\"1024\" src=\"https:\/\/www.iconhotel.eu\/wp-content\/uploads\/2026\/03\/andrew-neel-cckf4TsHAuw-unsplash-798x1024.jpg\" class=\"wd-gallery-image image-1\" alt=\"\" srcset=\"https:\/\/www.iconhotel.eu\/wp-content\/uploads\/2026\/03\/andrew-neel-cckf4TsHAuw-unsplash-798x1024.jpg 798w, https:\/\/www.iconhotel.eu\/wp-content\/uploads\/2026\/03\/andrew-neel-cckf4TsHAuw-unsplash-234x300.jpg 234w, https:\/\/www.iconhotel.eu\/wp-content\/uploads\/2026\/03\/andrew-neel-cckf4TsHAuw-unsplash-768x986.jpg 768w, https:\/\/www.iconhotel.eu\/wp-content\/uploads\/2026\/03\/andrew-neel-cckf4TsHAuw-unsplash-1197x1536.jpg 1197w, https:\/\/www.iconhotel.eu\/wp-content\/uploads\/2026\/03\/andrew-neel-cckf4TsHAuw-unsplash-1596x2048.jpg 1596w, https:\/\/www.iconhotel.eu\/wp-content\/uploads\/2026\/03\/andrew-neel-cckf4TsHAuw-unsplash-9x12.jpg 9w, https:\/\/www.iconhotel.eu\/wp-content\/uploads\/2026\/03\/andrew-neel-cckf4TsHAuw-unsplash-600x770.jpg 600w, https:\/\/www.iconhotel.eu\/wp-content\/uploads\/2026\/03\/andrew-neel-cckf4TsHAuw-unsplash-150x192.jpg 150w, https:\/\/www.iconhotel.eu\/wp-content\/uploads\/2026\/03\/andrew-neel-cckf4TsHAuw-unsplash-scaled.jpg 1995w\" sizes=\"auto, (max-width: 798px) 100vw, 798px\" \/>\n\t\t\t\t\t\t\t\t\t\t\t\t\t\t<\/div>\n\t\t\t\t\t\t\t\t\t\t\t<div class=\"wd-gallery-item wd-col\">\n\t\t\t\t\t\t\t\n\t\t\t\t\t\t\t\t<img loading=\"lazy\" decoding=\"async\" width=\"742\" height=\"1024\" src=\"https:\/\/www.iconhotel.eu\/wp-content\/uploads\/2026\/03\/icon-34-742x1024.jpg\" class=\"wd-gallery-image image-2\" alt=\"\" srcset=\"https:\/\/www.iconhotel.eu\/wp-content\/uploads\/2026\/03\/icon-34-742x1024.jpg 742w, https:\/\/www.iconhotel.eu\/wp-content\/uploads\/2026\/03\/icon-34-218x300.jpg 218w, https:\/\/www.iconhotel.eu\/wp-content\/uploads\/2026\/03\/icon-34-768x1059.jpg 768w, https:\/\/www.iconhotel.eu\/wp-content\/uploads\/2026\/03\/icon-34-1114x1536.jpg 1114w, https:\/\/www.iconhotel.eu\/wp-content\/uploads\/2026\/03\/icon-34-9x12.jpg 9w, https:\/\/www.iconhotel.eu\/wp-content\/uploads\/2026\/03\/icon-34-600x827.jpg 600w, https:\/\/www.iconhotel.eu\/wp-content\/uploads\/2026\/03\/icon-34-150x207.jpg 150w, https:\/\/www.iconhotel.eu\/wp-content\/uploads\/2026\/03\/icon-34.jpg 1390w\" sizes=\"auto, (max-width: 742px) 100vw, 742px\" \/>\n\t\t\t\t\t\t\t\t\t\t\t\t\t\t<\/div>\n\t\t\t\t\t\t\t\t\t\n\t\t\t\t\t\t\t<\/div>\n\n\t\t\t\t\t<\/div>\n\t\t<\/div><\/div><\/div><\/div><div class=\"vc_row wpb_row vc_row-fluid vc_custom_1748615931995 wd-rs-6839c2f05097c\"><div class=\"wpb_column vc_column_container vc_col-sm-12 vc_hidden-lg vc_hidden-md vc_hidden-sm wd-rs-6839c078e8565\"><div class=\"vc_column-inner\"><div class=\"wpb_wrapper\">\n\t<div  class=\"wpb_single_image wpb_content_element vc_align_left\">\n\t\t\n\t\t<figure class=\"wpb_wrapper vc_figure\">\n\t\t\t<div class=\"vc_single_image-wrapper   vc_box_border_grey\"><img loading=\"lazy\" decoding=\"async\" width=\"1130\" height=\"510\" src=\"https:\/\/www.iconhotel.eu\/wp-content\/uploads\/2025\/04\/49411247_BLANK.psd_2.jpg\" class=\"vc_single_image-img attachment-full\" alt=\"\" title=\"49411247_BLANK.psd_2\" srcset=\"https:\/\/www.iconhotel.eu\/wp-content\/uploads\/2025\/04\/49411247_BLANK.psd_2.jpg 1130w, https:\/\/www.iconhotel.eu\/wp-content\/uploads\/2025\/04\/49411247_BLANK.psd_2-300x135.jpg 300w, https:\/\/www.iconhotel.eu\/wp-content\/uploads\/2025\/04\/49411247_BLANK.psd_2-1024x462.jpg 1024w, https:\/\/www.iconhotel.eu\/wp-content\/uploads\/2025\/04\/49411247_BLANK.psd_2-768x347.jpg 768w, https:\/\/www.iconhotel.eu\/wp-content\/uploads\/2025\/04\/49411247_BLANK.psd_2-600x271.jpg 600w, https:\/\/www.iconhotel.eu\/wp-content\/uploads\/2025\/04\/49411247_BLANK.psd_2-150x68.jpg 150w\" sizes=\"auto, (max-width: 1130px) 100vw, 1130px\" \/><\/div>\n\t\t<\/figure>\n\t<\/div>\n\t\t<div id=\"gallery_570\" class=\"wd-images-gallery wd-wpb wd-rs-683d6ffd9d8aa vc_custom_1748856859890\" style=\"--wd-justify-content:right;--wd-align-items:flex-start;\">\n\t\t\t\n\t\t\t<div class=\"wd-grid-g\" style=\"--wd-col-lg:2;--wd-col-md:2;--wd-col-sm:2;--wd-gap-lg:0px;\">\n\t\t\t\t\n\t\t\t\t\t\t\t\t\t\t\t\t\t\t\t<div class=\"wd-gallery-item wd-col\">\n\t\t\t\t\t\t\t\n\t\t\t\t\t\t\t\t<img loading=\"lazy\" decoding=\"async\" width=\"1024\" height=\"686\" src=\"https:\/\/www.iconhotel.eu\/wp-content\/uploads\/2025\/04\/blank-image-e1745338749781-1024x686.webp\" class=\"wd-gallery-image image-1\" alt=\"\" srcset=\"https:\/\/www.iconhotel.eu\/wp-content\/uploads\/2025\/04\/blank-image-e1745338749781-1024x686.webp 1024w, https:\/\/www.iconhotel.eu\/wp-content\/uploads\/2025\/04\/blank-image-e1745338749781-300x201.webp 300w, https:\/\/www.iconhotel.eu\/wp-content\/uploads\/2025\/04\/blank-image-e1745338749781-768x514.webp 768w, https:\/\/www.iconhotel.eu\/wp-content\/uploads\/2025\/04\/blank-image-e1745338749781-600x402.webp 600w, https:\/\/www.iconhotel.eu\/wp-content\/uploads\/2025\/04\/blank-image-e1745338749781-150x100.webp 150w, https:\/\/www.iconhotel.eu\/wp-content\/uploads\/2025\/04\/blank-image-e1745338749781.webp 1180w\" sizes=\"auto, (max-width: 1024px) 100vw, 1024px\" \/>\n\t\t\t\t\t\t\t\t\t\t\t\t\t\t<\/div>\n\t\t\t\t\t\t\t\t\t\t\t<div class=\"wd-gallery-item wd-col\">\n\t\t\t\t\t\t\t\n\t\t\t\t\t\t\t\t<img loading=\"lazy\" decoding=\"async\" width=\"749\" height=\"1024\" src=\"https:\/\/www.iconhotel.eu\/wp-content\/uploads\/2025\/04\/desk-749x1024.webp\" class=\"wd-gallery-image image-2\" alt=\"\" srcset=\"https:\/\/www.iconhotel.eu\/wp-content\/uploads\/2025\/04\/desk-749x1024.webp 749w, https:\/\/www.iconhotel.eu\/wp-content\/uploads\/2025\/04\/desk-219x300.webp 219w, https:\/\/www.iconhotel.eu\/wp-content\/uploads\/2025\/04\/desk-768x1050.webp 768w, https:\/\/www.iconhotel.eu\/wp-content\/uploads\/2025\/04\/desk-1123x1536.webp 1123w, https:\/\/www.iconhotel.eu\/wp-content\/uploads\/2025\/04\/desk-1498x2048.webp 1498w, https:\/\/www.iconhotel.eu\/wp-content\/uploads\/2025\/04\/desk-600x820.webp 600w, https:\/\/www.iconhotel.eu\/wp-content\/uploads\/2025\/04\/desk-150x205.webp 150w, https:\/\/www.iconhotel.eu\/wp-content\/uploads\/2025\/04\/desk-scaled-e1744631014892.webp 510w\" sizes=\"auto, (max-width: 749px) 100vw, 749px\" \/>\n\t\t\t\t\t\t\t\t\t\t\t\t\t\t<\/div>\n\t\t\t\t\t\t\t\t\t\n\t\t\t\t\t\t\t<\/div>\n\n\t\t\t\t\t<\/div>\n\t\t<\/div><\/div><\/div><\/div><div class=\"vc_row wpb_row vc_row-fluid\"><div class=\"wpb_column vc_column_container vc_col-sm-12\"><div class=\"vc_column-inner\"><div class=\"wpb_wrapper\"><style data-type=\"vc_shortcodes-custom-css\">.wd-rs-67cee0772468c > .vc_column-inner > .wpb_wrapper{align-items: center;justify-content: flex-end}<\/style><style data-type=\"vc_custom-css\">.banner-more-to-see-single .info-box-inner:has(.custom-bordered-title){\r\n\twidth: 60% !important;\r\n}<\/style><div class=\"wpb-content-wrapper\"><div class=\"vc_row wpb_row vc_row-fluid\"><div class=\"wpb_column vc_column_container vc_col-sm-12\"><div class=\"vc_column-inner\"><div class=\"wpb_wrapper\"><h1 style=\"font-size: 36px;text-align: left\" class=\"vc_custom_heading vc_do_custom_heading custom-bordered-title\" >V\u00edce k vid\u011bn\u00ed<\/h1><\/div><\/div><\/div><\/div><div data-vc-full-width=\"true\" data-vc-full-width-temp=\"true\" data-vc-full-width-init=\"false\" class=\"vc_row wpb_row vc_row-fluid custom-cursor wd-rs-67ffa25c616c2 wd-section-stretch\"><div class=\"wpb_column vc_column_container vc_col-sm-12 wd-enabled-flex text-right wd-rs-67cee0772468c\"><div class=\"vc_column-inner\"><div class=\"wpb_wrapper\">\t\t\t<div id=\"carousel-171\" class=\"wd-carousel-container info-box-carousel-wrapper wd-wpb   wd-rs-684960326e700\">\n\t\t\t\t<div class=\"wd-carousel-inner\">\n\t\t\t\t\t<div class=\"wd-carousel wd-grid info-box-carousel\" data-speed=\"5000\" data-wrap=\"yes\" data-autoplay=\"yes\" data-scroll_per_page=\"yes\" style=\"--wd-col-lg:3;--wd-col-md:3;--wd-col-sm:2;--wd-gap-lg:30px;--wd-gap-sm:10px;\">\n\t\t\t\t\t\t<div class=\"wd-carousel-wrap\">\n\t\t\t\t\t\t\t\t\t\t<div class=\"info-box-wrapper wd-carousel-item\">\n\t\t\t\t<div id=\"wd-68495f1e7f6c1\" class=\"wd-rs-68495f1e7f6c1 wd-info-box wd-wpb text-left box-icon-align-top box-style- color-scheme- wd-bg-none banner-more-to-see-single with-btn box-btn-static\">\n\t\t\t\t\t\t\t\t\t\t\t<div class=\"box-icon-wrapper  box-with-icon box-icon-simple\">\n\t\t\t\t\t\t\t<div class=\"info-box-icon\">\n\t\t\t\t\t\t\t\t<img loading=\"lazy\" decoding=\"async\" width=\"600\" height=\"400\" src=\"https:\/\/www.iconhotel.eu\/wp-content\/uploads\/2025\/03\/story_slider-e1741694086975-600x400.jpg\" class=\"attachment-600x400 size-600x400\" alt=\"\" \/>\t\t\t\t\t\t\t<\/div>\n\t\t\t\t\t\t<\/div>\n\t\t\t\t\t\t\t\t\t\t<div class=\"info-box-content\">\n\t\t\t\t\t\t\t\t\t\t\t\t<div class=\"info-box-inner reset-last-child\"><div class=\"custom-bordered-title\">\n<h4><a href=\"https:\/\/www.iconhotel.eu\/cz\/rooms\/#hastens-sleep\">Komfortn\u00ed sp\u00e1nek <br>H\u00e4stens<\/a><\/h4>\n<\/div>\n<\/div>\n\n\t\t\t\t\t\t<div class=\"info-btn-wrapper\"><div id=\"wd-69ece23d29193\" class=\"wd-button-wrapper text-left\"><a href=\"http:\/\/www.iconhotel.eu\/cz\/rooms\/#hastens-sleep\" title=\"Komfortn\u00ed sp\u00e1nek &lt;br&gt;H\u00e4stens\" class=\"btn btn-style-link btn-shape-rectangle btn-size-extra-small\">Dozv\u011bd\u011bt se v\u00edce<\/a><\/div><\/div>\t\t\t\t\t<\/div>\n\n\t\t\t\t\t\n\t\t\t\t\t\t\t\t\t<\/div>\n\t\t\t<\/div>\n\t\t\t\t\t<div class=\"info-box-wrapper wd-carousel-item\">\n\t\t\t\t<div id=\"wd-68594e345226d\" class=\"wd-rs-68594e345226d wd-info-box wd-wpb text-left box-icon-align-top box-style- color-scheme- wd-bg-none banner-more-to-see-single with-btn box-btn-static\">\n\t\t\t\t\t\t\t\t\t\t\t<div class=\"box-icon-wrapper  box-with-icon box-icon-simple\">\n\t\t\t\t\t\t\t<div class=\"info-box-icon\">\n\t\t\t\t\t\t\t\t<img loading=\"lazy\" decoding=\"async\" width=\"600\" height=\"400\" src=\"https:\/\/www.iconhotel.eu\/wp-content\/uploads\/2025\/03\/1-1-600x400.jpg\" class=\"attachment-600x400 size-600x400\" alt=\"\" \/>\t\t\t\t\t\t\t<\/div>\n\t\t\t\t\t\t<\/div>\n\t\t\t\t\t\t\t\t\t\t<div class=\"info-box-content\">\n\t\t\t\t\t\t\t\t\t\t\t\t<div class=\"info-box-inner reset-last-child\"><div class=\"custom-bordered-title\">\n<h4><a href=\"https:\/\/www.iconhotel.eu\/cz\/woodmart_slide\/masala-indian-reastaurant\/\">Masala Indick\u00e1 Restaurace<\/a><\/h4>\n<\/div>\n<\/div>\n\n\t\t\t\t\t\t<div class=\"info-btn-wrapper\"><div id=\"wd-69ece23d297d1\" class=\"wd-button-wrapper text-left\"><a href=\"http:\/\/www.iconhotel.eu\/cz\/masala-indian-restaurant\/#masala-indian-restaurant\" title=\"Masala Indick\u00e1 Restaurace\" class=\"btn btn-style-link btn-shape-rectangle btn-size-extra-small\">Dozv\u011bd\u011bt se v\u00edce<\/a><\/div><\/div>\t\t\t\t\t<\/div>\n\n\t\t\t\t\t\n\t\t\t\t\t\t\t\t\t<\/div>\n\t\t\t<\/div>\n\t\t\t\t\t<div class=\"info-box-wrapper wd-carousel-item\">\n\t\t\t\t<div id=\"wd-68495f639663e\" class=\"wd-rs-68495f639663e wd-info-box wd-wpb text-left box-icon-align-top box-style- color-scheme- wd-bg-none banner-more-to-see-single with-btn box-btn-static\">\n\t\t\t\t\t\t\t\t\t\t\t<div class=\"box-icon-wrapper  box-with-icon box-icon-simple\">\n\t\t\t\t\t\t\t<div class=\"info-box-icon\">\n\t\t\t\t\t\t\t\t<img loading=\"lazy\" decoding=\"async\" width=\"225\" height=\"400\" src=\"https:\/\/www.iconhotel.eu\/wp-content\/uploads\/2025\/03\/8980dd5ee44d7e39cb5d71e96488c1ba.jpg\" class=\"attachment-600x400 size-600x400\" alt=\"\" srcset=\"https:\/\/www.iconhotel.eu\/wp-content\/uploads\/2025\/03\/8980dd5ee44d7e39cb5d71e96488c1ba.jpg 474w, https:\/\/www.iconhotel.eu\/wp-content\/uploads\/2025\/03\/8980dd5ee44d7e39cb5d71e96488c1ba-169x300.jpg 169w, https:\/\/www.iconhotel.eu\/wp-content\/uploads\/2025\/03\/8980dd5ee44d7e39cb5d71e96488c1ba-150x266.jpg 150w\" sizes=\"auto, (max-width: 225px) 100vw, 225px\" \/>\t\t\t\t\t\t\t<\/div>\n\t\t\t\t\t\t<\/div>\n\t\t\t\t\t\t\t\t\t\t<div class=\"info-box-content\">\n\t\t\t\t\t\t\t\t\t\t\t\t<div class=\"info-box-inner reset-last-child\"><div class=\"custom-bordered-title\">\n<h4><a href=\"https:\/\/www.iconhotel.eu\/cz\/woodmart_slide\/the-six-senses\/\">The Six Senses\u00a0<\/a><\/h4>\n<\/div>\n<\/div>\n\n\t\t\t\t\t\t<div class=\"info-btn-wrapper\"><div id=\"wd-69ece23d29c1b\" class=\"wd-button-wrapper text-left\"><a href=\"http:\/\/www.iconhotel.eu\/cz\/woodmart_slide\/the-six-senses\/\" title=\"The Six Senses\u00a0\" class=\"btn btn-style-link btn-shape-rectangle btn-size-extra-small\">Dozv\u011bd\u011bt se v\u00edce<\/a><\/div><\/div>\t\t\t\t\t<\/div>\n\n\t\t\t\t\t\n\t\t\t\t\t\t\t\t\t<\/div>\n\t\t\t<\/div>\n\t\t\t\t\t<div class=\"info-box-wrapper wd-carousel-item\">\n\t\t\t\t<div id=\"wd-68495f8c3dc54\" class=\"wd-rs-68495f8c3dc54 wd-info-box wd-wpb text-left box-icon-align-top box-style- color-scheme- wd-bg-none banner-more-to-see-single with-btn box-btn-static\">\n\t\t\t\t\t\t\t\t\t\t\t<div class=\"box-icon-wrapper  box-with-icon box-icon-simple\">\n\t\t\t\t\t\t\t<div class=\"info-box-icon\">\n\t\t\t\t\t\t\t\t<img loading=\"lazy\" decoding=\"async\" width=\"600\" height=\"400\" src=\"https:\/\/www.iconhotel.eu\/wp-content\/uploads\/2025\/03\/819cc7ca9938098fe5d8c4d3445a0f7d-600x400.jpg\" class=\"attachment-600x400 size-600x400\" alt=\"\" \/>\t\t\t\t\t\t\t<\/div>\n\t\t\t\t\t\t<\/div>\n\t\t\t\t\t\t\t\t\t\t<div class=\"info-box-content\">\n\t\t\t\t\t\t\t\t\t\t\t\t<div class=\"info-box-inner reset-last-child\"><div class=\"custom-bordered-title\">\n<h4><a href=\"https:\/\/www.iconhotel.eu\/cz\/woodmart_slide\/prague-life\/\">ZIVOT V PRAZE<\/a><\/h4>\n<\/div>\n<\/div>\n\n\t\t\t\t\t\t<div class=\"info-btn-wrapper\"><div id=\"wd-69ece23d2a05e\" class=\"wd-button-wrapper text-left\"><a href=\"http:\/\/www.iconhotel.eu\/cz\/woodmart_slide\/prague-life\/\" title=\"ZIVOT V PRAZE\" class=\"btn btn-style-link btn-shape-rectangle btn-size-extra-small\">Dozv\u011bd\u011bt se v\u00edce<\/a><\/div><\/div>\t\t\t\t\t<\/div>\n\n\t\t\t\t\t\n\t\t\t\t\t\t\t\t\t<\/div>\n\t\t\t<\/div>\n\t\t\t\t\t\t\t\t<\/div>\n\t\t\t\t\t<\/div>\n\n\t\t\t\t\t\t\t\t\t\t\t\t\t<div class=\"wd-nav-arrows wd-pos-sep wd-hover-1 wd-icon-1\">\n\t\t\t<div class=\"wd-btn-arrow wd-prev wd-disabled\">\n\t\t\t\t<div class=\"wd-arrow-inner\"><\/div>\n\t\t\t<\/div>\n\t\t\t<div class=\"wd-btn-arrow wd-next\">\n\t\t\t\t<div class=\"wd-arrow-inner\"><\/div>\n\t\t\t<\/div>\n\t\t<\/div>\n\t\t\t\t\t\t\t\t\t\t\t<\/div>\n\n\t\t\t\t\t\t\t\t\t\t\t<\/div>\n\t\t<\/div><\/div><\/div><\/div><div class=\"vc_row-full-width vc_clearfix\"><\/div><\/div><\/div><\/div><\/div><div class=\"wpb_column vc_column_container vc_col-sm-12\"><div class=\"vc_column-inner\"><div class=\"wpb_wrapper\"><\/div><\/div><\/div><\/div>\n<\/div>","protected":false},"excerpt":{"rendered":"Meetings At The Icon Prague, our meeting area is designed to provide a relaxing and stylish space where guests can","protected":false},"author":2,"featured_media":0,"parent":0,"menu_order":0,"comment_status":"closed","ping_status":"closed","template":"","meta":{"_acf_changed":false,"footnotes":""},"class_list":["post-456","page","type-page","status-publish","hentry"],"acf":[],"yoast_head":"<!-- This site is optimized with the Yoast SEO plugin v27.4 - https:\/\/yoast.com\/product\/yoast-seo-wordpress\/ -->\n<title>Meetings - The Icon Prague<\/title>\n<meta name=\"robots\" content=\"index, follow, max-snippet:-1, max-image-preview:large, max-video-preview:-1\" \/>\n<link rel=\"canonical\" href=\"https:\/\/www.iconhotel.eu\/cz\/meetings\/\" \/>\n<meta property=\"og:locale\" content=\"cs_CZ\" \/>\n<meta property=\"og:type\" content=\"article\" \/>\n<meta property=\"og:title\" content=\"Meetings - The Icon Prague\" \/>\n<meta property=\"og:url\" content=\"https:\/\/www.iconhotel.eu\/cz\/meetings\/\" \/>\n<meta property=\"og:site_name\" content=\"The Icon Prague\" \/>\n<meta property=\"article:modified_time\" content=\"2026-03-25T09:11:03+00:00\" \/>\n<meta name=\"twitter:card\" content=\"summary_large_image\" \/>\n<meta name=\"twitter:label1\" content=\"Odhadovan\u00e1 doba \u010dten\u00ed\" \/>\n\t<meta name=\"twitter:data1\" content=\"3 minuty\" \/>\n<script type=\"application\/ld+json\" class=\"yoast-schema-graph\">{\"@context\":\"https:\\\/\\\/schema.org\",\"@graph\":[{\"@type\":\"WebPage\",\"@id\":\"https:\\\/\\\/www.iconhotel.eu\\\/meetings\\\/\",\"url\":\"https:\\\/\\\/www.iconhotel.eu\\\/meetings\\\/\",\"name\":\"Meetings - The Icon Prague\",\"isPartOf\":{\"@id\":\"https:\\\/\\\/www.iconhotel.eu\\\/#website\"},\"datePublished\":\"2025-04-09T15:04:17+00:00\",\"dateModified\":\"2026-03-25T09:11:03+00:00\",\"breadcrumb\":{\"@id\":\"https:\\\/\\\/www.iconhotel.eu\\\/meetings\\\/#breadcrumb\"},\"inLanguage\":\"cs\",\"potentialAction\":[{\"@type\":\"ReadAction\",\"target\":[\"https:\\\/\\\/www.iconhotel.eu\\\/meetings\\\/\"]}]},{\"@type\":\"BreadcrumbList\",\"@id\":\"https:\\\/\\\/www.iconhotel.eu\\\/meetings\\\/#breadcrumb\",\"itemListElement\":[{\"@type\":\"ListItem\",\"position\":1,\"name\":\"HOME\",\"item\":\"https:\\\/\\\/www.iconhotel.eu\\\/\"},{\"@type\":\"ListItem\",\"position\":2,\"name\":\"Meetings\"}]},{\"@type\":\"WebSite\",\"@id\":\"https:\\\/\\\/www.iconhotel.eu\\\/#website\",\"url\":\"https:\\\/\\\/www.iconhotel.eu\\\/\",\"name\":\"The Icon Prague\",\"description\":\"\",\"potentialAction\":[{\"@type\":\"SearchAction\",\"target\":{\"@type\":\"EntryPoint\",\"urlTemplate\":\"https:\\\/\\\/www.iconhotel.eu\\\/?s={search_term_string}\"},\"query-input\":{\"@type\":\"PropertyValueSpecification\",\"valueRequired\":true,\"valueName\":\"search_term_string\"}}],\"inLanguage\":\"cs\"}]}<\/script>\n<!-- \/ Yoast SEO plugin. -->","yoast_head_json":{"title":"Meetings - The Icon Prague","robots":{"index":"index","follow":"follow","max-snippet":"max-snippet:-1","max-image-preview":"max-image-preview:large","max-video-preview":"max-video-preview:-1"},"canonical":"https:\/\/www.iconhotel.eu\/cz\/meetings\/","og_locale":"cs_CZ","og_type":"article","og_title":"Meetings - The Icon Prague","og_url":"https:\/\/www.iconhotel.eu\/cz\/meetings\/","og_site_name":"The Icon Prague","article_modified_time":"2026-03-25T09:11:03+00:00","twitter_card":"summary_large_image","twitter_misc":{"Odhadovan\u00e1 doba \u010dten\u00ed":"3 minuty"},"schema":{"@context":"https:\/\/schema.org","@graph":[{"@type":"WebPage","@id":"https:\/\/www.iconhotel.eu\/meetings\/","url":"https:\/\/www.iconhotel.eu\/meetings\/","name":"Meetings - The Icon Prague","isPartOf":{"@id":"https:\/\/www.iconhotel.eu\/#website"},"datePublished":"2025-04-09T15:04:17+00:00","dateModified":"2026-03-25T09:11:03+00:00","breadcrumb":{"@id":"https:\/\/www.iconhotel.eu\/meetings\/#breadcrumb"},"inLanguage":"cs","potentialAction":[{"@type":"ReadAction","target":["https:\/\/www.iconhotel.eu\/meetings\/"]}]},{"@type":"BreadcrumbList","@id":"https:\/\/www.iconhotel.eu\/meetings\/#breadcrumb","itemListElement":[{"@type":"ListItem","position":1,"name":"HOME","item":"https:\/\/www.iconhotel.eu\/"},{"@type":"ListItem","position":2,"name":"Meetings"}]},{"@type":"WebSite","@id":"https:\/\/www.iconhotel.eu\/#website","url":"https:\/\/www.iconhotel.eu\/","name":"The Icon Prague","description":"","potentialAction":[{"@type":"SearchAction","target":{"@type":"EntryPoint","urlTemplate":"https:\/\/www.iconhotel.eu\/?s={search_term_string}"},"query-input":{"@type":"PropertyValueSpecification","valueRequired":true,"valueName":"search_term_string"}}],"inLanguage":"cs"}]}},"_links":{"self":[{"href":"https:\/\/www.iconhotel.eu\/cz\/wp-json\/wp\/v2\/pages\/456","targetHints":{"allow":["GET"]}}],"collection":[{"href":"https:\/\/www.iconhotel.eu\/cz\/wp-json\/wp\/v2\/pages"}],"about":[{"href":"https:\/\/www.iconhotel.eu\/cz\/wp-json\/wp\/v2\/types\/page"}],"author":[{"embeddable":true,"href":"https:\/\/www.iconhotel.eu\/cz\/wp-json\/wp\/v2\/users\/2"}],"replies":[{"embeddable":true,"href":"https:\/\/www.iconhotel.eu\/cz\/wp-json\/wp\/v2\/comments?post=456"}],"version-history":[{"count":43,"href":"https:\/\/www.iconhotel.eu\/cz\/wp-json\/wp\/v2\/pages\/456\/revisions"}],"predecessor-version":[{"id":1377,"href":"https:\/\/www.iconhotel.eu\/cz\/wp-json\/wp\/v2\/pages\/456\/revisions\/1377"}],"wp:attachment":[{"href":"https:\/\/www.iconhotel.eu\/cz\/wp-json\/wp\/v2\/media?parent=456"}],"curies":[{"name":"wp","href":"https:\/\/api.w.org\/{rel}","templated":true}]}}