{"id":358,"date":"2025-03-11T11:29:13","date_gmt":"2025-03-11T11:29:13","guid":{"rendered":"http:\/\/icon.eu.uvirt136.active24.cz\/?page_id=358"},"modified":"2026-03-04T16:56:07","modified_gmt":"2026-03-04T16:56:07","slug":"hotel","status":"publish","type":"page","link":"https:\/\/www.iconhotel.eu\/cz\/hotel\/","title":{"rendered":"HOTEL"},"content":{"rendered":"<div class=\"wpb-content-wrapper\"><div class=\"vc_row wpb_row vc_row-fluid\"><div class=\"wpb_column vc_column_container vc_col-sm-12\"><div class=\"vc_column-inner\"><div class=\"wpb_wrapper\"><h1 style=\"font-size: 36px;text-align: left\" class=\"vc_custom_heading vc_do_custom_heading custom-bordered-title\" >Hotel<\/h1><\/div><\/div><\/div><\/div><div class=\"vc_row wpb_row vc_row-fluid\"><div class=\"wpb_column vc_column_container vc_col-sm-8\"><div class=\"vc_column-inner\"><div class=\"wpb_wrapper\">\n\t<div class=\"wpb_text_column wpb_content_element wd-animation wd-transform wd-animation-slide-from-bottom wd-animation-normal\" >\n\t\t<div class=\"wpb_wrapper\">\n\t\t\t<p data-start=\"60\" data-end=\"283\">ICON je pohodln\u00fd, stylov\u00fd a sofistikovan\u00fd hotel nach\u00e1zej\u00edc\u00ed se v historick\u00e9m centru Prahy. Unik\u00e1tn\u00ed design kombinuje modern\u00ed styl a vybaven\u00ed s prvky zlat\u00e9 \u00e9ry um\u011bn\u00ed a architektury m\u011bsta.<\/p>\n<p data-start=\"285\" data-end=\"429\">Nach\u00e1z\u00ed se v klidn\u00e9 postrann\u00ed uli\u010dce, jen p\u00e1r krok\u016f od nejlep\u0161\u00edch m\u00f3dn\u00edch, z\u00e1bavn\u00edch, gastronomick\u00fdch a no\u010dn\u00edch podnik\u016f v Praze.<\/p>\n<p data-start=\"431\" data-end=\"675\">Ka\u017ed\u00fd z 31 pokoj\u016f je vybaven ru\u010dn\u011b vyr\u00e1b\u011bn\u00fdmi postelemi zna\u010dky H\u00e4stens. Pro inovativn\u00ed design, p\u0159\u00e1telsk\u00fd a pozorn\u00fd person\u00e1l, v\u00fdhodnou a \u017eivou lokalitu a pohodln\u00e9 span\u00ed je hotel ICON bezkonkuren\u010dn\u00ed volbou.<\/p>\n\n\t\t<\/div>\n\t<\/div>\n<\/div><\/div><\/div><div class=\"wpb_column vc_column_container vc_col-sm-4\"><div class=\"vc_column-inner\"><div class=\"wpb_wrapper\"><\/div><\/div><\/div><\/div><div class=\"vc_row wpb_row vc_row-fluid wd-rs-6835b30f409c6\"><div class=\"wpb_column vc_column_container vc_col-sm-12 vc_hidden-sm vc_hidden-xs wd-rs-6835b91761e2f\"><div class=\"vc_column-inner\"><div class=\"wpb_wrapper\">\n<div class=\"vc_grid-container-wrapper vc_clearfix vc_grid-animation-zoomIn\">\n\t<div class=\"vc_grid-container vc_clearfix wpb_content_element vc_masonry_media_grid hotel-gallery\" data-initial-loading-animation=\"zoomIn\" data-vc-grid-settings=\"{&quot;page_id&quot;:358,&quot;style&quot;:&quot;all-masonry&quot;,&quot;action&quot;:&quot;vc_get_vc_grid_data&quot;,&quot;shortcode_id&quot;:&quot;1772643315586-0b262e92-aa27-8&quot;,&quot;tag&quot;:&quot;vc_masonry_media_grid&quot;}\" data-vc-request=\"https:\/\/www.iconhotel.eu\/wp-admin\/admin-ajax.php\" data-vc-post-id=\"358\" data-vc-public-nonce=\"ccc7a7dd44\">\n\t\t\n\t<\/div>\n<\/div><\/div><\/div><\/div><div class=\"wpb_column vc_column_container vc_col-sm-12 vc_hidden-lg vc_hidden-md wd-rs-6835ab14ad9a9\"><div class=\"vc_column-inner\"><div class=\"wpb_wrapper\">\t\t<div id=\"gallery_514\" class=\"wd-images-gallery wd-wpb wd-rs-69a8640c539f9\" style=\"--wd-justify-content:center;--wd-align-items:flex-end;\">\n\t\t\t\n\t\t\t<div class=\"wd-grid-f-col wd-masonry\" style=\"--wd-col-lg:3;--wd-col-md:2;--wd-col-sm:2;--wd-gap-lg:20px;--wd-gap-sm:10px;\">\n\t\t\t\t\n\t\t\t\t\t\t\t\t\t\t\t\t\t\t\t<div class=\"wd-gallery-item wd-col\">\n\t\t\t\t\t\t\t\n\t\t\t\t\t\t\t\t<img loading=\"lazy\" decoding=\"async\" width=\"768\" height=\"512\" src=\"https:\/\/www.iconhotel.eu\/wp-content\/uploads\/2026\/02\/hotel_01.jpg\" class=\"wd-gallery-image image-1\" alt=\"\" srcset=\"https:\/\/www.iconhotel.eu\/wp-content\/uploads\/2026\/02\/hotel_01.jpg 768w, https:\/\/www.iconhotel.eu\/wp-content\/uploads\/2026\/02\/hotel_01-300x200.jpg 300w, https:\/\/www.iconhotel.eu\/wp-content\/uploads\/2026\/02\/hotel_01-18x12.jpg 18w, https:\/\/www.iconhotel.eu\/wp-content\/uploads\/2026\/02\/hotel_01-600x400.jpg 600w, https:\/\/www.iconhotel.eu\/wp-content\/uploads\/2026\/02\/hotel_01-150x100.jpg 150w\" sizes=\"auto, (max-width: 768px) 100vw, 768px\" \/>\n\t\t\t\t\t\t\t\t\t\t\t\t\t\t<\/div>\n\t\t\t\t\t\t\t\t\t\t\t<div class=\"wd-gallery-item wd-col\">\n\t\t\t\t\t\t\t\n\t\t\t\t\t\t\t\t<img loading=\"lazy\" decoding=\"async\" width=\"768\" height=\"990\" src=\"https:\/\/www.iconhotel.eu\/wp-content\/uploads\/2026\/02\/hotel_02.jpg\" class=\"wd-gallery-image image-2\" alt=\"\" srcset=\"https:\/\/www.iconhotel.eu\/wp-content\/uploads\/2026\/02\/hotel_02.jpg 768w, https:\/\/www.iconhotel.eu\/wp-content\/uploads\/2026\/02\/hotel_02-233x300.jpg 233w, https:\/\/www.iconhotel.eu\/wp-content\/uploads\/2026\/02\/hotel_02-9x12.jpg 9w, https:\/\/www.iconhotel.eu\/wp-content\/uploads\/2026\/02\/hotel_02-600x773.jpg 600w, https:\/\/www.iconhotel.eu\/wp-content\/uploads\/2026\/02\/hotel_02-150x193.jpg 150w\" sizes=\"auto, (max-width: 768px) 100vw, 768px\" \/>\n\t\t\t\t\t\t\t\t\t\t\t\t\t\t<\/div>\n\t\t\t\t\t\t\t\t\t\t\t<div class=\"wd-gallery-item wd-col\">\n\t\t\t\t\t\t\t\n\t\t\t\t\t\t\t\t<img loading=\"lazy\" decoding=\"async\" width=\"768\" height=\"1140\" src=\"https:\/\/www.iconhotel.eu\/wp-content\/uploads\/2026\/02\/hotel_03.jpg\" class=\"wd-gallery-image image-3\" alt=\"\" srcset=\"https:\/\/www.iconhotel.eu\/wp-content\/uploads\/2026\/02\/hotel_03.jpg 768w, https:\/\/www.iconhotel.eu\/wp-content\/uploads\/2026\/02\/hotel_03-202x300.jpg 202w, https:\/\/www.iconhotel.eu\/wp-content\/uploads\/2026\/02\/hotel_03-690x1024.jpg 690w, https:\/\/www.iconhotel.eu\/wp-content\/uploads\/2026\/02\/hotel_03-8x12.jpg 8w, https:\/\/www.iconhotel.eu\/wp-content\/uploads\/2026\/02\/hotel_03-600x891.jpg 600w, https:\/\/www.iconhotel.eu\/wp-content\/uploads\/2026\/02\/hotel_03-150x223.jpg 150w\" sizes=\"auto, (max-width: 768px) 100vw, 768px\" \/>\n\t\t\t\t\t\t\t\t\t\t\t\t\t\t<\/div>\n\t\t\t\t\t\t\t\t\t\t\t<div class=\"wd-gallery-item wd-col\">\n\t\t\t\t\t\t\t\n\t\t\t\t\t\t\t\t<img loading=\"lazy\" decoding=\"async\" width=\"728\" height=\"1080\" src=\"https:\/\/www.iconhotel.eu\/wp-content\/uploads\/2025\/05\/the-icon-prague-hotel-clip.webp\" class=\"wd-gallery-image image-4\" alt=\"\" \/>\n\t\t\t\t\t\t\t\t\t\t\t\t\t\t<\/div>\n\t\t\t\t\t\t\t\t\t\t\t<div class=\"wd-gallery-item wd-col\">\n\t\t\t\t\t\t\t\n\t\t\t\t\t\t\t\t<img loading=\"lazy\" decoding=\"async\" width=\"768\" height=\"1024\" src=\"https:\/\/www.iconhotel.eu\/wp-content\/uploads\/2026\/02\/hotel_05.jpg\" class=\"wd-gallery-image image-5\" alt=\"\" srcset=\"https:\/\/www.iconhotel.eu\/wp-content\/uploads\/2026\/02\/hotel_05.jpg 768w, https:\/\/www.iconhotel.eu\/wp-content\/uploads\/2026\/02\/hotel_05-225x300.jpg 225w, https:\/\/www.iconhotel.eu\/wp-content\/uploads\/2026\/02\/hotel_05-9x12.jpg 9w, https:\/\/www.iconhotel.eu\/wp-content\/uploads\/2026\/02\/hotel_05-600x800.jpg 600w, https:\/\/www.iconhotel.eu\/wp-content\/uploads\/2026\/02\/hotel_05-150x200.jpg 150w\" sizes=\"auto, (max-width: 768px) 100vw, 768px\" \/>\n\t\t\t\t\t\t\t\t\t\t\t\t\t\t<\/div>\n\t\t\t\t\t\t\t\t\t\t\t<div class=\"wd-gallery-item wd-col\">\n\t\t\t\t\t\t\t\n\t\t\t\t\t\t\t\t<img loading=\"lazy\" decoding=\"async\" width=\"768\" height=\"1004\" src=\"https:\/\/www.iconhotel.eu\/wp-content\/uploads\/2026\/02\/hotel_06.jpg\" class=\"wd-gallery-image image-6\" alt=\"\" srcset=\"https:\/\/www.iconhotel.eu\/wp-content\/uploads\/2026\/02\/hotel_06.jpg 768w, https:\/\/www.iconhotel.eu\/wp-content\/uploads\/2026\/02\/hotel_06-229x300.jpg 229w, https:\/\/www.iconhotel.eu\/wp-content\/uploads\/2026\/02\/hotel_06-9x12.jpg 9w, https:\/\/www.iconhotel.eu\/wp-content\/uploads\/2026\/02\/hotel_06-600x784.jpg 600w, https:\/\/www.iconhotel.eu\/wp-content\/uploads\/2026\/02\/hotel_06-150x196.jpg 150w\" sizes=\"auto, (max-width: 768px) 100vw, 768px\" \/>\n\t\t\t\t\t\t\t\t\t\t\t\t\t\t<\/div>\n\t\t\t\t\t\t\t\t\t\t\t<div class=\"wd-gallery-item wd-col\">\n\t\t\t\t\t\t\t\n\t\t\t\t\t\t\t\t<img loading=\"lazy\" decoding=\"async\" width=\"768\" height=\"1004\" src=\"https:\/\/www.iconhotel.eu\/wp-content\/uploads\/2026\/02\/hotel_07.jpg\" class=\"wd-gallery-image image-7\" alt=\"\" srcset=\"https:\/\/www.iconhotel.eu\/wp-content\/uploads\/2026\/02\/hotel_07.jpg 768w, https:\/\/www.iconhotel.eu\/wp-content\/uploads\/2026\/02\/hotel_07-229x300.jpg 229w, https:\/\/www.iconhotel.eu\/wp-content\/uploads\/2026\/02\/hotel_07-9x12.jpg 9w, https:\/\/www.iconhotel.eu\/wp-content\/uploads\/2026\/02\/hotel_07-600x784.jpg 600w, https:\/\/www.iconhotel.eu\/wp-content\/uploads\/2026\/02\/hotel_07-150x196.jpg 150w\" sizes=\"auto, (max-width: 768px) 100vw, 768px\" \/>\n\t\t\t\t\t\t\t\t\t\t\t\t\t\t<\/div>\n\t\t\t\t\t\t\t\t\t\t\t<div class=\"wd-gallery-item wd-col\">\n\t\t\t\t\t\t\t\n\t\t\t\t\t\t\t\t<img loading=\"lazy\" decoding=\"async\" width=\"768\" height=\"944\" src=\"https:\/\/www.iconhotel.eu\/wp-content\/uploads\/2026\/02\/hotel_08.jpg\" class=\"wd-gallery-image image-8\" alt=\"\" srcset=\"https:\/\/www.iconhotel.eu\/wp-content\/uploads\/2026\/02\/hotel_08.jpg 768w, https:\/\/www.iconhotel.eu\/wp-content\/uploads\/2026\/02\/hotel_08-244x300.jpg 244w, https:\/\/www.iconhotel.eu\/wp-content\/uploads\/2026\/02\/hotel_08-10x12.jpg 10w, https:\/\/www.iconhotel.eu\/wp-content\/uploads\/2026\/02\/hotel_08-600x738.jpg 600w, https:\/\/www.iconhotel.eu\/wp-content\/uploads\/2026\/02\/hotel_08-150x184.jpg 150w\" sizes=\"auto, (max-width: 768px) 100vw, 768px\" \/>\n\t\t\t\t\t\t\t\t\t\t\t\t\t\t<\/div>\n\t\t\t\t\t\t\t\t\t\t\t<div class=\"wd-gallery-item wd-col\">\n\t\t\t\t\t\t\t\n\t\t\t\t\t\t\t\t<img loading=\"lazy\" decoding=\"async\" width=\"768\" height=\"1004\" src=\"https:\/\/www.iconhotel.eu\/wp-content\/uploads\/2026\/03\/hotel_09n.jpg\" class=\"wd-gallery-image image-9\" alt=\"\" srcset=\"https:\/\/www.iconhotel.eu\/wp-content\/uploads\/2026\/03\/hotel_09n.jpg 768w, https:\/\/www.iconhotel.eu\/wp-content\/uploads\/2026\/03\/hotel_09n-229x300.jpg 229w, https:\/\/www.iconhotel.eu\/wp-content\/uploads\/2026\/03\/hotel_09n-9x12.jpg 9w, https:\/\/www.iconhotel.eu\/wp-content\/uploads\/2026\/03\/hotel_09n-600x784.jpg 600w, https:\/\/www.iconhotel.eu\/wp-content\/uploads\/2026\/03\/hotel_09n-150x196.jpg 150w\" sizes=\"auto, (max-width: 768px) 100vw, 768px\" \/>\n\t\t\t\t\t\t\t\t\t\t\t\t\t\t<\/div>\n\t\t\t\t\t\t\t\t\t\t\t<div class=\"wd-gallery-item wd-col\">\n\t\t\t\t\t\t\t\n\t\t\t\t\t\t\t\t<img loading=\"lazy\" decoding=\"async\" width=\"768\" height=\"1004\" src=\"https:\/\/www.iconhotel.eu\/wp-content\/uploads\/2026\/02\/hotel_10.jpg\" class=\"wd-gallery-image image-10\" alt=\"\" srcset=\"https:\/\/www.iconhotel.eu\/wp-content\/uploads\/2026\/02\/hotel_10.jpg 768w, https:\/\/www.iconhotel.eu\/wp-content\/uploads\/2026\/02\/hotel_10-229x300.jpg 229w, https:\/\/www.iconhotel.eu\/wp-content\/uploads\/2026\/02\/hotel_10-9x12.jpg 9w, https:\/\/www.iconhotel.eu\/wp-content\/uploads\/2026\/02\/hotel_10-600x784.jpg 600w, https:\/\/www.iconhotel.eu\/wp-content\/uploads\/2026\/02\/hotel_10-150x196.jpg 150w\" sizes=\"auto, (max-width: 768px) 100vw, 768px\" \/>\n\t\t\t\t\t\t\t\t\t\t\t\t\t\t<\/div>\n\t\t\t\t\t\t\t\t\t\t\t<div class=\"wd-gallery-item wd-col\">\n\t\t\t\t\t\t\t\n\t\t\t\t\t\t\t\t<img loading=\"lazy\" decoding=\"async\" width=\"768\" height=\"1004\" src=\"https:\/\/www.iconhotel.eu\/wp-content\/uploads\/2026\/02\/hotel_11.jpg\" class=\"wd-gallery-image image-11\" alt=\"\" srcset=\"https:\/\/www.iconhotel.eu\/wp-content\/uploads\/2026\/02\/hotel_11.jpg 768w, https:\/\/www.iconhotel.eu\/wp-content\/uploads\/2026\/02\/hotel_11-229x300.jpg 229w, https:\/\/www.iconhotel.eu\/wp-content\/uploads\/2026\/02\/hotel_11-9x12.jpg 9w, https:\/\/www.iconhotel.eu\/wp-content\/uploads\/2026\/02\/hotel_11-600x784.jpg 600w, https:\/\/www.iconhotel.eu\/wp-content\/uploads\/2026\/02\/hotel_11-150x196.jpg 150w\" sizes=\"auto, (max-width: 768px) 100vw, 768px\" \/>\n\t\t\t\t\t\t\t\t\t\t\t\t\t\t<\/div>\n\t\t\t\t\t\t\t\t\t\t\t<div class=\"wd-gallery-item wd-col\">\n\t\t\t\t\t\t\t\n\t\t\t\t\t\t\t\t<img loading=\"lazy\" decoding=\"async\" width=\"768\" height=\"585\" src=\"https:\/\/www.iconhotel.eu\/wp-content\/uploads\/2026\/02\/hotel_12.jpg\" class=\"wd-gallery-image image-12\" alt=\"\" srcset=\"https:\/\/www.iconhotel.eu\/wp-content\/uploads\/2026\/02\/hotel_12.jpg 768w, https:\/\/www.iconhotel.eu\/wp-content\/uploads\/2026\/02\/hotel_12-300x229.jpg 300w, https:\/\/www.iconhotel.eu\/wp-content\/uploads\/2026\/02\/hotel_12-16x12.jpg 16w, https:\/\/www.iconhotel.eu\/wp-content\/uploads\/2026\/02\/hotel_12-600x457.jpg 600w, https:\/\/www.iconhotel.eu\/wp-content\/uploads\/2026\/02\/hotel_12-150x114.jpg 150w\" sizes=\"auto, (max-width: 768px) 100vw, 768px\" \/>\n\t\t\t\t\t\t\t\t\t\t\t\t\t\t<\/div>\n\t\t\t\t\t\t\t\t\t\t\t<div class=\"wd-gallery-item wd-col\">\n\t\t\t\t\t\t\t\n\t\t\t\t\t\t\t\t<img loading=\"lazy\" decoding=\"async\" width=\"768\" height=\"1169\" src=\"https:\/\/www.iconhotel.eu\/wp-content\/uploads\/2026\/02\/hotel_13.jpg\" class=\"wd-gallery-image image-13\" alt=\"\" srcset=\"https:\/\/www.iconhotel.eu\/wp-content\/uploads\/2026\/02\/hotel_13.jpg 768w, https:\/\/www.iconhotel.eu\/wp-content\/uploads\/2026\/02\/hotel_13-197x300.jpg 197w, https:\/\/www.iconhotel.eu\/wp-content\/uploads\/2026\/02\/hotel_13-673x1024.jpg 673w, https:\/\/www.iconhotel.eu\/wp-content\/uploads\/2026\/02\/hotel_13-8x12.jpg 8w, https:\/\/www.iconhotel.eu\/wp-content\/uploads\/2026\/02\/hotel_13-600x913.jpg 600w, https:\/\/www.iconhotel.eu\/wp-content\/uploads\/2026\/02\/hotel_13-150x228.jpg 150w\" sizes=\"auto, (max-width: 768px) 100vw, 768px\" \/>\n\t\t\t\t\t\t\t\t\t\t\t\t\t\t<\/div>\n\t\t\t\t\t\t\t\t\t\t\t<div class=\"wd-gallery-item wd-col\">\n\t\t\t\t\t\t\t\n\t\t\t\t\t\t\t\t<img loading=\"lazy\" decoding=\"async\" width=\"768\" height=\"889\" src=\"https:\/\/www.iconhotel.eu\/wp-content\/uploads\/2026\/02\/hotel_14.jpg\" class=\"wd-gallery-image image-14\" alt=\"\" srcset=\"https:\/\/www.iconhotel.eu\/wp-content\/uploads\/2026\/02\/hotel_14.jpg 768w, https:\/\/www.iconhotel.eu\/wp-content\/uploads\/2026\/02\/hotel_14-259x300.jpg 259w, https:\/\/www.iconhotel.eu\/wp-content\/uploads\/2026\/02\/hotel_14-10x12.jpg 10w, https:\/\/www.iconhotel.eu\/wp-content\/uploads\/2026\/02\/hotel_14-600x695.jpg 600w, https:\/\/www.iconhotel.eu\/wp-content\/uploads\/2026\/02\/hotel_14-150x174.jpg 150w\" sizes=\"auto, (max-width: 768px) 100vw, 768px\" \/>\n\t\t\t\t\t\t\t\t\t\t\t\t\t\t<\/div>\n\t\t\t\t\t\t\t\t\t\n\t\t\t\t\t\t\t<\/div>\n\n\t\t\t\t\t<\/div>\n\t\t<\/div><\/div><\/div><\/div>\n<\/div>","protected":false},"excerpt":{"rendered":"Hotel The ICON is a comfortable, stylish, and sophisticated hotel located in the historic center of Prague. Its unique design","protected":false},"author":2,"featured_media":0,"parent":0,"menu_order":0,"comment_status":"closed","ping_status":"closed","template":"","meta":{"_acf_changed":false,"footnotes":""},"class_list":["post-358","page","type-page","status-publish","hentry"],"acf":[],"yoast_head":"<!-- This site is optimized with the Yoast SEO plugin v27.4 - https:\/\/yoast.com\/product\/yoast-seo-wordpress\/ -->\n<title>HOTEL - The Icon Prague<\/title>\n<meta name=\"robots\" content=\"index, follow, max-snippet:-1, max-image-preview:large, max-video-preview:-1\" \/>\n<link rel=\"canonical\" href=\"https:\/\/www.iconhotel.eu\/cz\/hotel\/\" \/>\n<meta property=\"og:locale\" content=\"cs_CZ\" \/>\n<meta property=\"og:type\" content=\"article\" \/>\n<meta property=\"og:title\" content=\"HOTEL - The Icon Prague\" \/>\n<meta property=\"og:url\" content=\"https:\/\/www.iconhotel.eu\/cz\/hotel\/\" \/>\n<meta property=\"og:site_name\" content=\"The Icon Prague\" \/>\n<meta property=\"article:modified_time\" content=\"2026-03-04T16:56:07+00:00\" \/>\n<meta name=\"twitter:card\" content=\"summary_large_image\" \/>\n<meta name=\"twitter:label1\" content=\"Odhadovan\u00e1 doba \u010dten\u00ed\" \/>\n\t<meta name=\"twitter:data1\" content=\"7 minut\" \/>\n<script type=\"application\/ld+json\" class=\"yoast-schema-graph\">{\"@context\":\"https:\\\/\\\/schema.org\",\"@graph\":[{\"@type\":\"WebPage\",\"@id\":\"https:\\\/\\\/www.iconhotel.eu\\\/hotel\\\/\",\"url\":\"https:\\\/\\\/www.iconhotel.eu\\\/hotel\\\/\",\"name\":\"HOTEL - The Icon Prague\",\"isPartOf\":{\"@id\":\"https:\\\/\\\/www.iconhotel.eu\\\/#website\"},\"datePublished\":\"2025-03-11T11:29:13+00:00\",\"dateModified\":\"2026-03-04T16:56:07+00:00\",\"breadcrumb\":{\"@id\":\"https:\\\/\\\/www.iconhotel.eu\\\/hotel\\\/#breadcrumb\"},\"inLanguage\":\"cs\",\"potentialAction\":[{\"@type\":\"ReadAction\",\"target\":[\"https:\\\/\\\/www.iconhotel.eu\\\/hotel\\\/\"]}]},{\"@type\":\"BreadcrumbList\",\"@id\":\"https:\\\/\\\/www.iconhotel.eu\\\/hotel\\\/#breadcrumb\",\"itemListElement\":[{\"@type\":\"ListItem\",\"position\":1,\"name\":\"HOME\",\"item\":\"https:\\\/\\\/www.iconhotel.eu\\\/\"},{\"@type\":\"ListItem\",\"position\":2,\"name\":\"HOTEL\"}]},{\"@type\":\"WebSite\",\"@id\":\"https:\\\/\\\/www.iconhotel.eu\\\/#website\",\"url\":\"https:\\\/\\\/www.iconhotel.eu\\\/\",\"name\":\"The Icon Prague\",\"description\":\"\",\"potentialAction\":[{\"@type\":\"SearchAction\",\"target\":{\"@type\":\"EntryPoint\",\"urlTemplate\":\"https:\\\/\\\/www.iconhotel.eu\\\/?s={search_term_string}\"},\"query-input\":{\"@type\":\"PropertyValueSpecification\",\"valueRequired\":true,\"valueName\":\"search_term_string\"}}],\"inLanguage\":\"cs\"}]}<\/script>\n<!-- \/ Yoast SEO plugin. -->","yoast_head_json":{"title":"HOTEL - The Icon Prague","robots":{"index":"index","follow":"follow","max-snippet":"max-snippet:-1","max-image-preview":"max-image-preview:large","max-video-preview":"max-video-preview:-1"},"canonical":"https:\/\/www.iconhotel.eu\/cz\/hotel\/","og_locale":"cs_CZ","og_type":"article","og_title":"HOTEL - The Icon Prague","og_url":"https:\/\/www.iconhotel.eu\/cz\/hotel\/","og_site_name":"The Icon Prague","article_modified_time":"2026-03-04T16:56:07+00:00","twitter_card":"summary_large_image","twitter_misc":{"Odhadovan\u00e1 doba \u010dten\u00ed":"7 minut"},"schema":{"@context":"https:\/\/schema.org","@graph":[{"@type":"WebPage","@id":"https:\/\/www.iconhotel.eu\/hotel\/","url":"https:\/\/www.iconhotel.eu\/hotel\/","name":"HOTEL - The Icon Prague","isPartOf":{"@id":"https:\/\/www.iconhotel.eu\/#website"},"datePublished":"2025-03-11T11:29:13+00:00","dateModified":"2026-03-04T16:56:07+00:00","breadcrumb":{"@id":"https:\/\/www.iconhotel.eu\/hotel\/#breadcrumb"},"inLanguage":"cs","potentialAction":[{"@type":"ReadAction","target":["https:\/\/www.iconhotel.eu\/hotel\/"]}]},{"@type":"BreadcrumbList","@id":"https:\/\/www.iconhotel.eu\/hotel\/#breadcrumb","itemListElement":[{"@type":"ListItem","position":1,"name":"HOME","item":"https:\/\/www.iconhotel.eu\/"},{"@type":"ListItem","position":2,"name":"HOTEL"}]},{"@type":"WebSite","@id":"https:\/\/www.iconhotel.eu\/#website","url":"https:\/\/www.iconhotel.eu\/","name":"The Icon Prague","description":"","potentialAction":[{"@type":"SearchAction","target":{"@type":"EntryPoint","urlTemplate":"https:\/\/www.iconhotel.eu\/?s={search_term_string}"},"query-input":{"@type":"PropertyValueSpecification","valueRequired":true,"valueName":"search_term_string"}}],"inLanguage":"cs"}]}},"_links":{"self":[{"href":"https:\/\/www.iconhotel.eu\/cz\/wp-json\/wp\/v2\/pages\/358","targetHints":{"allow":["GET"]}}],"collection":[{"href":"https:\/\/www.iconhotel.eu\/cz\/wp-json\/wp\/v2\/pages"}],"about":[{"href":"https:\/\/www.iconhotel.eu\/cz\/wp-json\/wp\/v2\/types\/page"}],"author":[{"embeddable":true,"href":"https:\/\/www.iconhotel.eu\/cz\/wp-json\/wp\/v2\/users\/2"}],"replies":[{"embeddable":true,"href":"https:\/\/www.iconhotel.eu\/cz\/wp-json\/wp\/v2\/comments?post=358"}],"version-history":[{"count":61,"href":"https:\/\/www.iconhotel.eu\/cz\/wp-json\/wp\/v2\/pages\/358\/revisions"}],"predecessor-version":[{"id":1298,"href":"https:\/\/www.iconhotel.eu\/cz\/wp-json\/wp\/v2\/pages\/358\/revisions\/1298"}],"wp:attachment":[{"href":"https:\/\/www.iconhotel.eu\/cz\/wp-json\/wp\/v2\/media?parent=358"}],"curies":[{"name":"wp","href":"https:\/\/api.w.org\/{rel}","templated":true}]}}