{"id":336,"date":"2025-03-11T09:26:09","date_gmt":"2025-03-11T09:26:09","guid":{"rendered":"http:\/\/icon.eu.uvirt136.active24.cz\/?page_id=336"},"modified":"2026-03-20T13:31:14","modified_gmt":"2026-03-20T13:31:14","slug":"contact","status":"publish","type":"page","link":"https:\/\/www.iconhotel.eu\/cz\/contact\/","title":{"rendered":"Kontakt"},"content":{"rendered":"<div class=\"wpb-content-wrapper\"><div class=\"vc_row wpb_row vc_row-fluid vc_custom_1744282712623 wd-rs-67f7a452a4759\"><div class=\"wpb_column vc_column_container vc_col-sm-12 vc_hidden-xs wd-rs-683d794aaca2c\"><div class=\"vc_column-inner\"><div class=\"wpb_wrapper\"><h1 style=\"color: #404041;text-align: left\" class=\"vc_custom_heading vc_do_custom_heading custom-bordered-title\" >Kontakt<\/h1><\/div><\/div><\/div><\/div><div class=\"vc_row wpb_row vc_row-fluid wd-rs-683d79fa89dbe\"><div class=\"wpb_column vc_column_container vc_col-sm-12 vc_hidden-lg vc_hidden-md vc_hidden-sm wd-rs-683d7a02bd628\"><div class=\"vc_column-inner\"><div class=\"wpb_wrapper\"><h1 style=\"color: #404041;text-align: left\" class=\"vc_custom_heading vc_do_custom_heading custom-bordered-title\" >Kontakt<\/h1><\/div><\/div><\/div><\/div><div class=\"vc_row wpb_row vc_row-fluid\"><div class=\"wpb_column vc_column_container vc_col-sm-4\/5\"><div class=\"vc_column-inner\"><div class=\"wpb_wrapper\">\n\t<div class=\"wpb_text_column wpb_content_element wd-animation wd-transform wd-animation-slide-from-bottom wd-animation-normal\" >\n\t\t<div class=\"wpb_wrapper\">\n\t\t\t<p><span style=\"color: #404041;\">Hotel le\u017e\u00ed jen kousek od \u017eiv\u00e9ho V\u00e1clavsk\u00e9ho n\u00e1m\u011bst\u00ed, tedy nab\u00edz\u00ed naprosto ide\u00e1ln\u00ed polohu pro hosty,\naby mohli za\u017e\u00edt Prahu se v\u0161\u00edm, co nab\u00edz\u00ed. Tato centr\u00e1ln\u00ed pozice umo\u017en\u00ed dos\u00e1hnout v\u011bt\u0161inu\nhistorick\u00fdch, um\u011bleck\u00fdch m\u00edst, n\u00e1kupn\u00edch center, restaurac\u00ed a atrakc\u00ed no\u010dn\u00edho \u017eivota b\u011bhem n\u011bkolika\nminut ch\u016fze. V bl\u00edzkosti se nach\u00e1z\u00ed tak\u00e9 zast\u00e1vka tramvaje a metra, takto je zaji\u0161t\u011bn jednoduch\u00fd\np\u0159\u00edstup pomoc\u00ed MHD po cel\u00e9m m\u011bst\u011b. Navzdory ak\u010dn\u00edmu prost\u0159ed\u00ed, kter\u00e9 hotel obklopuje, samotn\u00e1\nbudova hotelu se nach\u00e1z\u00ed v klidn\u00e9 bo\u010dn\u00ed ulice, a takto zajist\u00ed host\u016fm klidn\u00fd sp\u00e1nek v bl\u00edzkosti\nsamotn\u00e9ho centra m\u011bsta.<\/span><\/p>\n\n\t\t<\/div>\n\t<\/div>\n<\/div><\/div><\/div><div class=\"wpb_column vc_column_container vc_col-sm-1\/5\"><div class=\"vc_column-inner\"><div class=\"wpb_wrapper\"><\/div><\/div><\/div><\/div><div class=\"vc_row wpb_row vc_row-fluid\"><div class=\"wpb_column vc_column_container vc_col-sm-12 wd-rs-67d02379613aa\"><div class=\"vc_column-inner\"><div class=\"wpb_wrapper\">\n\t<div  class=\"wpb_single_image wpb_content_element vc_align_left vc_custom_1774013467466\">\n\t\t\n\t\t<figure class=\"wpb_wrapper vc_figure\">\n\t\t\t<div class=\"vc_single_image-wrapper   vc_box_border_grey\"><img loading=\"lazy\" decoding=\"async\" width=\"2098\" height=\"1071\" src=\"https:\/\/www.iconhotel.eu\/wp-content\/uploads\/2026\/03\/icon-4New.jpg\" class=\"vc_single_image-img attachment-full\" alt=\"\" title=\"icon 4New\" srcset=\"https:\/\/www.iconhotel.eu\/wp-content\/uploads\/2026\/03\/icon-4New.jpg 2098w, https:\/\/www.iconhotel.eu\/wp-content\/uploads\/2026\/03\/icon-4New-300x153.jpg 300w, https:\/\/www.iconhotel.eu\/wp-content\/uploads\/2026\/03\/icon-4New-1024x523.jpg 1024w, https:\/\/www.iconhotel.eu\/wp-content\/uploads\/2026\/03\/icon-4New-768x392.jpg 768w, https:\/\/www.iconhotel.eu\/wp-content\/uploads\/2026\/03\/icon-4New-1536x784.jpg 1536w, https:\/\/www.iconhotel.eu\/wp-content\/uploads\/2026\/03\/icon-4New-2048x1045.jpg 2048w, https:\/\/www.iconhotel.eu\/wp-content\/uploads\/2026\/03\/icon-4New-18x9.jpg 18w, https:\/\/www.iconhotel.eu\/wp-content\/uploads\/2026\/03\/icon-4New-600x306.jpg 600w, https:\/\/www.iconhotel.eu\/wp-content\/uploads\/2026\/03\/icon-4New-150x77.jpg 150w\" sizes=\"auto, (max-width: 2098px) 100vw, 2098px\" \/><\/div>\n\t\t<\/figure>\n\t<\/div>\n<div class=\"vc_empty_space\"   style=\"height: 50px\"><span class=\"vc_empty_space_inner\"><\/span><\/div><\/div><\/div><\/div><\/div><div class=\"vc_row wpb_row vc_row-fluid\"><div class=\"wpb_column vc_column_container vc_col-sm-12\"><div class=\"vc_column-inner\"><div class=\"wpb_wrapper\">\n\t<div class=\"wpb_text_column wpb_content_element custom-bordered-title wd-animation wd-transform wd-animation-slide-from-bottom wd-animation-normal\" >\n\t\t<div class=\"wpb_wrapper\">\n\t\t\t<p><span style=\"color: #000000;\"><strong>VZD\u00c1LENOST P\u011a\u0160KY<\/strong><\/span><br \/>\nV\u00e1clavsk\u00e9 n\u00e1m\u011bst\u00ed \u2013 200 m<br \/>\nStarom\u011bstsk\u00e9 n\u00e1m\u011bst\u00ed \u2013 1,2 km<br \/>\nKarl\u016fv most \u2013 1,4 km<br \/>\nPra\u017esk\u00fd hrad\u2013 2,5 km<br \/>\nN\u00e1rodn\u00ed divadlo \u2013 1 km<br \/>\nSt\u00e1tn\u00ed opera \u2013 700 m<br \/>\n\u017di\u017ekovsk\u00e1 televizn\u00ed v\u011b\u017e \u2013 2,3 km<br \/>\nTan\u010d\u00edc\u00ed d\u016fm \u2013 1,2 km<\/p>\n\n\t\t<\/div>\n\t<\/div>\n<\/div><\/div><\/div><\/div><div class=\"vc_row wpb_row vc_row-fluid vc_custom_1744204358399 wd-rs-67f67240b37e7\"><div class=\"wpb_column vc_column_container vc_col-sm-3\"><div class=\"vc_column-inner\"><div class=\"wpb_wrapper\"><\/div><\/div><\/div><div class=\"wpb_column vc_column_container vc_col-sm-6\"><div class=\"vc_column-inner\"><div class=\"wpb_wrapper\"><h2 style=\"color: #404041;text-align: center\" class=\"vc_custom_heading vc_do_custom_heading\" >V\u00fdhodn\u00e1 poloha<\/h2><div class=\"vc_empty_space\"   style=\"height: 15px\"><span class=\"vc_empty_space_inner\"><\/span><\/div><div id=\"wd-683d7f4524d74\" class=\"wd-rs-683d7f4524d74 vc_custom_1748860761109 wd-button-wrapper text-center\"><a href=\"http:\/\/www.iconhotel.eu\/cz\/faq\/#map-transportation\" title=\"\" style=\"--btn-color:#fff;--btn-color-hover:#fff;\" class=\"btn btn-style-default btn-shape-rectangle btn-size-small getdirections\">mapa zde<\/a><\/div><\/div><\/div><\/div><div class=\"wpb_column vc_column_container vc_col-sm-3\"><div class=\"vc_column-inner\"><div class=\"wpb_wrapper\"><\/div><\/div><\/div><\/div><div class=\"vc_row wpb_row vc_row-fluid vc_custom_1744204358399 wd-rs-67f67240b37e7\"><div class=\"wpb_column vc_column_container vc_col-sm-3\"><div class=\"vc_column-inner\"><div class=\"wpb_wrapper\"><\/div><\/div><\/div><div class=\"wpb_column vc_column_container vc_col-sm-6\"><div class=\"vc_column-inner\"><div class=\"wpb_wrapper\"><h2 style=\"color: #404041;text-align: left\" class=\"vc_custom_heading vc_do_custom_heading\" >Napi\u0161te n\u00e1m<\/h2>\n<div class=\"wpcf7 no-js\" id=\"wpcf7-f12-o1\" lang=\"en-US\" dir=\"ltr\" data-wpcf7-id=\"12\">\n<div class=\"screen-reader-response\"><p role=\"status\" aria-live=\"polite\" aria-atomic=\"true\"><\/p> <ul><\/ul><\/div>\n<form action=\"\/cz\/wp-json\/wp\/v2\/pages\/336#wpcf7-f12-o1\" method=\"post\" class=\"wpcf7-form init\" aria-label=\"Contact form\" novalidate=\"novalidate\" data-status=\"init\" data-trp-original-action=\"\/cz\/wp-json\/wp\/v2\/pages\/336#wpcf7-f12-o1\">\n<fieldset class=\"hidden-fields-container\"><input type=\"hidden\" name=\"_wpcf7\" value=\"12\" \/><input type=\"hidden\" name=\"_wpcf7_version\" value=\"6.1.5\" \/><input type=\"hidden\" name=\"_wpcf7_locale\" value=\"en_US\" \/><input type=\"hidden\" name=\"_wpcf7_unit_tag\" value=\"wpcf7-f12-o1\" \/><input type=\"hidden\" name=\"_wpcf7_container_post\" value=\"0\" \/><input type=\"hidden\" name=\"_wpcf7_posted_data_hash\" value=\"\" \/>\n<\/fieldset>\n<div class=\"c-grid\">\n\t<div>\n\t\t<p><label> <span class=\"wpcf7-form-control-wrap\" data-name=\"first-name\"><input size=\"40\" maxlength=\"400\" class=\"wpcf7-form-control wpcf7-text wpcf7-validates-as-required\" aria-required=\"true\" aria-invalid=\"false\" placeholder=\"K\u0159estn\u00ed jm\u00e9no\" value=\"\" type=\"text\" name=\"first-name\" \/><\/span> <\/label><br \/>\n<label> <span class=\"wpcf7-form-control-wrap\" data-name=\"your-email\"><input size=\"40\" maxlength=\"400\" class=\"wpcf7-form-control wpcf7-email wpcf7-validates-as-required wpcf7-text wpcf7-validates-as-email\" aria-required=\"true\" aria-invalid=\"false\" placeholder=\"Email\" value=\"\" type=\"email\" name=\"your-email\" \/><\/span> <\/label>\n\t\t<\/p>\n\t<\/div>\n\t<div>\n\t\t<p><label> <span class=\"wpcf7-form-control-wrap\" data-name=\"last-name\"><input size=\"40\" maxlength=\"400\" class=\"wpcf7-form-control wpcf7-text wpcf7-validates-as-required\" aria-required=\"true\" aria-invalid=\"false\" placeholder=\"P\u0159\u00edjmen\u00ed\" value=\"\" type=\"text\" name=\"last-name\" \/><\/span> <\/label><br \/>\n<label> <span class=\"wpcf7-form-control-wrap\" data-name=\"phone\"><input size=\"40\" maxlength=\"400\" class=\"wpcf7-form-control wpcf7-tel wpcf7-validates-as-required wpcf7-text wpcf7-validates-as-tel\" aria-required=\"true\" aria-invalid=\"false\" placeholder=\"Telefon\" value=\"\" type=\"tel\" name=\"phone\" \/><\/span> <\/label>\n\t\t<\/p>\n\t<\/div>\n<\/div>\n<div>\n\t<p><span class=\"wpcf7-form-control-wrap\" data-name=\"message\"><textarea cols=\"40\" rows=\"10\" maxlength=\"2000\" class=\"wpcf7-form-control wpcf7-textarea wpcf7-validates-as-required\" aria-required=\"true\" aria-invalid=\"false\" placeholder=\"Jak v\u00e1m m\u016f\u017eeme pomoci?\" name=\"message\"><\/textarea><\/span>\n\t<\/p>\n<\/div>\n<p><input class=\"wpcf7-form-control wpcf7-submit has-spinner\" type=\"submit\" value=\"Odeslat\" \/>\n<\/p><div class=\"wpcf7-response-output\" aria-hidden=\"true\"><\/div>\n<input type=\"hidden\" name=\"trp-form-language\" value=\"cz\"\/><\/form>\n<\/div>\n<\/div><\/div><\/div><div class=\"wpb_column vc_column_container vc_col-sm-3\"><div class=\"vc_column-inner\"><div class=\"wpb_wrapper\"><\/div><\/div><\/div><\/div><div class=\"vc_row wpb_row vc_row-fluid\"><div class=\"wpb_column vc_column_container vc_col-sm-3\"><div class=\"vc_column-inner\"><div class=\"wpb_wrapper\"><\/div><\/div><\/div><div class=\"wpb_column vc_column_container vc_col-sm-6\"><div class=\"vc_column-inner\"><div class=\"wpb_wrapper\"><h1 style=\"color: #404041;text-align: left\" class=\"vc_custom_heading vc_do_custom_heading custom-bordered-title\" >Informace<\/h1><\/div><\/div><\/div><div class=\"wpb_column vc_column_container vc_col-sm-3\"><div class=\"vc_column-inner\"><div class=\"wpb_wrapper\"><\/div><\/div><\/div><\/div><div class=\"vc_row wpb_row vc_row-fluid\"><div class=\"wpb_column vc_column_container vc_col-sm-3\"><div class=\"vc_column-inner\"><div class=\"wpb_wrapper\"><\/div><\/div><\/div><div class=\"wpb_column vc_column_container vc_col-sm-6\"><div class=\"vc_column-inner\"><div class=\"wpb_wrapper\">\n\t<div class=\"wpb_text_column wpb_content_element\" >\n\t\t<div class=\"wpb_wrapper\">\n\t\t\t<p><a href=\"https:\/\/maps.app.goo.gl\/py5fr2CFxfeEd9mX9\"><span style=\"color: #000000;\"><strong>V J\u00c1M\u011a 6, 110 00 PRAGUE, CZECH REPUBLIC<\/strong><\/span><\/a><br \/>\n<span style=\"color: #404041;\">tel.: <a href=\"tel:00420221634100\">00420 221 634 100<\/a><\/span><br \/>\n<span style=\"color: #404041;\">fax: 00420 221 634 105<\/span><br \/>\n<a href=\"mailto:info@iconhotel.eu\"><span style=\"color: #404041;\">info@iconhotel.eu<\/span><\/a><br \/>\n<a href=\"mailto:reservation@iconhotel.eu\"><span style=\"color: #404041;\">reservation@iconhotel.eu<\/span><\/a><\/p>\n\n\t\t<\/div>\n\t<\/div>\n<\/div><\/div><\/div><div class=\"wpb_column vc_column_container vc_col-sm-3\"><div class=\"vc_column-inner\"><div class=\"wpb_wrapper\"><\/div><\/div><\/div><\/div>\n<\/div>","protected":false},"excerpt":{"rendered":"ContactContact Sitting just outside the edge of lively Wenceslas Square, The ICON Hotel places its guests in a truly ideal","protected":false},"author":2,"featured_media":0,"parent":0,"menu_order":0,"comment_status":"closed","ping_status":"closed","template":"","meta":{"_acf_changed":false,"footnotes":""},"class_list":["post-336","page","type-page","status-publish","hentry"],"acf":[],"yoast_head":"<!-- This site is optimized with the Yoast SEO plugin v27.4 - https:\/\/yoast.com\/product\/yoast-seo-wordpress\/ -->\n<title>Contact - The Icon Prague<\/title>\n<meta name=\"robots\" content=\"index, follow, max-snippet:-1, max-image-preview:large, max-video-preview:-1\" \/>\n<link rel=\"canonical\" href=\"https:\/\/www.iconhotel.eu\/cz\/contact\/\" \/>\n<meta property=\"og:locale\" content=\"cs_CZ\" \/>\n<meta property=\"og:type\" content=\"article\" \/>\n<meta property=\"og:title\" content=\"Contact - The Icon Prague\" \/>\n<meta property=\"og:url\" content=\"https:\/\/www.iconhotel.eu\/cz\/contact\/\" \/>\n<meta property=\"og:site_name\" content=\"The Icon Prague\" \/>\n<meta property=\"article:modified_time\" content=\"2026-03-20T13:31:14+00:00\" \/>\n<meta name=\"twitter:card\" content=\"summary_large_image\" \/>\n<meta name=\"twitter:label1\" content=\"Odhadovan\u00e1 doba \u010dten\u00ed\" \/>\n\t<meta name=\"twitter:data1\" content=\"2 minuty\" \/>\n<script type=\"application\/ld+json\" class=\"yoast-schema-graph\">{\"@context\":\"https:\\\/\\\/schema.org\",\"@graph\":[{\"@type\":\"WebPage\",\"@id\":\"https:\\\/\\\/www.iconhotel.eu\\\/contact\\\/\",\"url\":\"https:\\\/\\\/www.iconhotel.eu\\\/contact\\\/\",\"name\":\"Contact - The Icon Prague\",\"isPartOf\":{\"@id\":\"https:\\\/\\\/www.iconhotel.eu\\\/#website\"},\"datePublished\":\"2025-03-11T09:26:09+00:00\",\"dateModified\":\"2026-03-20T13:31:14+00:00\",\"breadcrumb\":{\"@id\":\"https:\\\/\\\/www.iconhotel.eu\\\/contact\\\/#breadcrumb\"},\"inLanguage\":\"cs\",\"potentialAction\":[{\"@type\":\"ReadAction\",\"target\":[\"https:\\\/\\\/www.iconhotel.eu\\\/contact\\\/\"]}]},{\"@type\":\"BreadcrumbList\",\"@id\":\"https:\\\/\\\/www.iconhotel.eu\\\/contact\\\/#breadcrumb\",\"itemListElement\":[{\"@type\":\"ListItem\",\"position\":1,\"name\":\"HOME\",\"item\":\"https:\\\/\\\/www.iconhotel.eu\\\/\"},{\"@type\":\"ListItem\",\"position\":2,\"name\":\"Contact\"}]},{\"@type\":\"WebSite\",\"@id\":\"https:\\\/\\\/www.iconhotel.eu\\\/#website\",\"url\":\"https:\\\/\\\/www.iconhotel.eu\\\/\",\"name\":\"The Icon Prague\",\"description\":\"\",\"potentialAction\":[{\"@type\":\"SearchAction\",\"target\":{\"@type\":\"EntryPoint\",\"urlTemplate\":\"https:\\\/\\\/www.iconhotel.eu\\\/?s={search_term_string}\"},\"query-input\":{\"@type\":\"PropertyValueSpecification\",\"valueRequired\":true,\"valueName\":\"search_term_string\"}}],\"inLanguage\":\"cs\"}]}<\/script>\n<!-- \/ Yoast SEO plugin. -->","yoast_head_json":{"title":"Contact - The Icon Prague","robots":{"index":"index","follow":"follow","max-snippet":"max-snippet:-1","max-image-preview":"max-image-preview:large","max-video-preview":"max-video-preview:-1"},"canonical":"https:\/\/www.iconhotel.eu\/cz\/contact\/","og_locale":"cs_CZ","og_type":"article","og_title":"Contact - The Icon Prague","og_url":"https:\/\/www.iconhotel.eu\/cz\/contact\/","og_site_name":"The Icon Prague","article_modified_time":"2026-03-20T13:31:14+00:00","twitter_card":"summary_large_image","twitter_misc":{"Odhadovan\u00e1 doba \u010dten\u00ed":"2 minuty"},"schema":{"@context":"https:\/\/schema.org","@graph":[{"@type":"WebPage","@id":"https:\/\/www.iconhotel.eu\/contact\/","url":"https:\/\/www.iconhotel.eu\/contact\/","name":"Contact - The Icon Prague","isPartOf":{"@id":"https:\/\/www.iconhotel.eu\/#website"},"datePublished":"2025-03-11T09:26:09+00:00","dateModified":"2026-03-20T13:31:14+00:00","breadcrumb":{"@id":"https:\/\/www.iconhotel.eu\/contact\/#breadcrumb"},"inLanguage":"cs","potentialAction":[{"@type":"ReadAction","target":["https:\/\/www.iconhotel.eu\/contact\/"]}]},{"@type":"BreadcrumbList","@id":"https:\/\/www.iconhotel.eu\/contact\/#breadcrumb","itemListElement":[{"@type":"ListItem","position":1,"name":"HOME","item":"https:\/\/www.iconhotel.eu\/"},{"@type":"ListItem","position":2,"name":"Contact"}]},{"@type":"WebSite","@id":"https:\/\/www.iconhotel.eu\/#website","url":"https:\/\/www.iconhotel.eu\/","name":"The Icon Prague","description":"","potentialAction":[{"@type":"SearchAction","target":{"@type":"EntryPoint","urlTemplate":"https:\/\/www.iconhotel.eu\/?s={search_term_string}"},"query-input":{"@type":"PropertyValueSpecification","valueRequired":true,"valueName":"search_term_string"}}],"inLanguage":"cs"}]}},"_links":{"self":[{"href":"https:\/\/www.iconhotel.eu\/cz\/wp-json\/wp\/v2\/pages\/336","targetHints":{"allow":["GET"]}}],"collection":[{"href":"https:\/\/www.iconhotel.eu\/cz\/wp-json\/wp\/v2\/pages"}],"about":[{"href":"https:\/\/www.iconhotel.eu\/cz\/wp-json\/wp\/v2\/types\/page"}],"author":[{"embeddable":true,"href":"https:\/\/www.iconhotel.eu\/cz\/wp-json\/wp\/v2\/users\/2"}],"replies":[{"embeddable":true,"href":"https:\/\/www.iconhotel.eu\/cz\/wp-json\/wp\/v2\/comments?post=336"}],"version-history":[{"count":38,"href":"https:\/\/www.iconhotel.eu\/cz\/wp-json\/wp\/v2\/pages\/336\/revisions"}],"predecessor-version":[{"id":1351,"href":"https:\/\/www.iconhotel.eu\/cz\/wp-json\/wp\/v2\/pages\/336\/revisions\/1351"}],"wp:attachment":[{"href":"https:\/\/www.iconhotel.eu\/cz\/wp-json\/wp\/v2\/media?parent=336"}],"curies":[{"name":"wp","href":"https:\/\/api.w.org\/{rel}","templated":true}]}}