{"id":3,"date":"2025-02-26T11:46:01","date_gmt":"2025-02-26T11:46:01","guid":{"rendered":"http:\/\/icon.eu.uvirt136.active24.cz\/www\/doc\/www.icon.eu\/www\/?page_id=3"},"modified":"2025-05-23T12:01:50","modified_gmt":"2025-05-23T12:01:50","slug":"privacy-policy","status":"publish","type":"page","link":"https:\/\/www.iconhotel.eu\/cz\/privacy-policy\/","title":{"rendered":"Privacy Policy &#038; Cookies"},"content":{"rendered":"<div class=\"wpb-content-wrapper\"><div class=\"vc_row wpb_row vc_row-fluid vc_custom_1744282712623 wd-rs-67f7a452a4759\"><div class=\"wpb_column vc_column_container vc_col-sm-12\"><div class=\"vc_column-inner\"><div class=\"wpb_wrapper\"><h1 style=\"text-align: left\" class=\"vc_custom_heading vc_do_custom_heading custom-bordered-title\" >Privacy Policy &#038; Cookies<\/h1><\/div><\/div><\/div><\/div><div class=\"vc_row wpb_row vc_row-fluid\"><div class=\"wpb_column vc_column_container vc_col-sm-12\"><div class=\"vc_column-inner\"><div class=\"wpb_wrapper\">\n\t<div class=\"wpb_text_column wpb_content_element\" >\n\t\t<div class=\"wpb_wrapper\">\n\t\t\t<p><strong>Prohl\u00e1\u0161en\u00ed spole\u010dnosti o ochran\u011b osobn\u00edch \u00fadaj\u016f\u00a0\u00a0\u00a0<\/strong><\/p>\n<p><strong>\u00davod<\/strong><br \/>OREA IMERA, a.s. (d\u00e1le jen spole\u010dnost) si je v\u011bdoma toho, \u017ee pr\u00e1vo na soukrom\u00ed pat\u0159\u00ed mezi z\u00e1kladn\u00ed\nlidsk\u00e1 pr\u00e1va, a tak\u00e9 toho, jak d\u016fle\u017eit\u00e9 jsou soukrom\u00ed, bezpe\u010dnost a ochrana t\u011bchto \u00fadaj\u016f.<\/p>\n<p><strong>Politika spole\u010dnosti ohledn\u011b ochrany osobn\u00edch \u00fadaj\u016f<\/strong><br \/>Osobn\u00ed \u00fadaje zpracov\u00e1v\u00e1me v souladu se z\u00e1konem, transparentn\u011b a \u010destn\u011b v\u016f\u010di v\u00e1m.<\/p>\n<p>Zpracov\u00e1n\u00ed \u00fadaj\u016f prov\u00e1d\u00edme:<br \/>s va\u0161\u00edm souhlasem;<br \/>za \u00fa\u010delem pln\u011bn\u00ed na\u0161ich povinnost\u00ed;<br \/>k legitimn\u00edm \u00fa\u010del\u016fm provozov\u00e1n\u00ed na\u0161\u00ed \u010dinnosti;<br \/>v souladu se z\u00e1konem.<\/p>\n<p><strong>Jak\u00e9 \u00fadaje shroma\u017e\u010fujeme<\/strong><br \/>Personal information is any information that identifies you personally, or the other basic information on which you can be identified, directly or indirectly.\u00a0We may collect your personal information during your use of our services \u2013 accommodation, restaurant, business parties, etc.\u00a0Your personal information may be also be used in the course of communication with you.<\/p>\n<p><strong>Why we collect these information<\/strong><br \/>Osobn\u00ed \u00fadaje jsou jak\u00e9koli informace, kter\u00e9 v\u00e1s osobn\u011b identifikuj\u00ed, nebo na jejich\u017e z\u00e1klad\u011b v\u00e1s lze p\u0159\u00edmo \u010di nep\u0159\u00edmo identifikovat. Va\u0161e osobn\u00ed \u00fadaje m\u016f\u017eeme shroma\u017e\u010fovat b\u011bhem va\u0161eho pou\u017e\u00edv\u00e1n\u00ed na\u0161ich slu\u017eeb \u2013 ubytov\u00e1n\u00ed, restaurace, firemn\u00ed ve\u010d\u00edrky, apod. slu\u017eeb Va\u0161e osobn\u00ed \u00fadaje m\u016f\u017eeme tak\u00e9 vyu\u017e\u00edvat v pr\u016fb\u011bhu komunikace s v\u00e1mi.<\/p>\n<p><strong>Pro\u010d \u00fadaje shroma\u017e\u010fujeme<\/strong><br \/>Kontaktn\u00ed \u00fadaje \u2013 m\u016f\u017eeme shroma\u017e\u010fovat osobn\u00ed a firemn\u00ed kontaktn\u00ed \u00fadaje, jako je va\u0161e jm\u00e9no, p\u0159\u00edjmen\u00ed, datum narozen\u00ed, identifika\u010dn\u00ed \u010d\u00edslo dokladu, po\u0161tovn\u00ed adresa, telefonn\u00ed \u010d\u00edslo, faxov\u00e9 \u010d\u00edslo, e-mailov\u00e1 adresa, a dal\u0161\u00ed podobn\u00e9 kontaktn\u00ed \u00fadaje.<\/p>\n<p>Platebn\u00ed \u00fadaje \u2013 shroma\u017e\u010fujeme \u00fadaje nezbytn\u00e9 pro zpracov\u00e1n\u00ed plateb a zabr\u00e1n\u011bn\u00ed podvod\u016fm, jako\njsou \u010d\u00edsla kreditn\u00edch\/debetn\u00edch karet, \u010d\u00edsla bezpe\u010dnostn\u00edch k\u00f3d\u016f, a dal\u0161\u00ed souvisej\u00edc\u00ed\u00a0faktura\u010dn\u00ed \u00fadaje.<\/p>\n<p>Visu\u00e1ln\u00ed sn\u00edmky (data) po\u0159\u00edzen\u00e1 kamerov\u00fdm z\u00e1znamem \u2013 m\u016f\u017eeme shroma\u017e\u010fovat visu\u00e1ln\u00ed sn\u00edmky\n(data) po\u0159\u00edzen\u00e9 pomoc\u00ed kamerov\u00e9ho syst\u00e9mu. P\u0159i vstupu do prostoru hotelu \u010di restaurace\u00a0jste na tento\nfakt upozorn\u011bn\u00ed informa\u010dn\u00ed cedul\u00ed. Kamerov\u00fd syst\u00e9m je po\u0159\u00edzen za \u00fa\u010delem zaji\u0161t\u011bn\u00ed va\u0161eho bezpe\u010d\u00ed a\nbezpe\u010d\u00ed na\u0161ich zam\u011bstnanc\u016f a ostatn\u00edch osob. Visu\u00e1ln\u00ed sn\u00edmky mohou\u00a0b\u00fdt pou\u017eity v p\u0159\u00edpad\u011b \u0159e\u0161en\u00ed\nspor\u016f \u2013 ztr\u00e1ta \u010di odcizen\u00ed n\u011bjak\u00e9 v\u011bci apod.<\/p>\n<p><strong>abezpe\u010den\u00ed va\u0161ich osobn\u00edch \u00fadaj\u016f<\/strong><br \/>Pou\u017e\u00edv\u00e1me p\u0159im\u011b\u0159en\u00e9 a vhodn\u00e9 fyzick\u00e9, technick\u00e9 a administrativn\u00ed postupy pro zabezpe\u010den\u00ed shroma\u017e\u010fovan\u00fdch a zpracov\u00e1van\u00fdch \u00fadaj\u016f, abychom zabr\u00e1nili neopr\u00e1vn\u011bn\u00e9mu p\u0159\u00edstupu nebo zp\u0159\u00edstupn\u011bn\u00ed a zajistili, \u017ee va\u0161e \u00fadaje budou vyu\u017eity jen opr\u00e1vn\u011bn\u00fdm zp\u016fsobem. Spole\u010dnost uchov\u00e1v\u00e1 \u00fadaje tak, jak to vy\u017eaduje nebo povoluje z\u00e1kon, a to tak dlouho, dokud maj\u00ed legitimn\u00ed obchodn\u00ed \u00fa\u010del.<\/p>\n<p>P\u0159i shroma\u017e\u010fov\u00e1n\u00ed, p\u0159ed\u00e1v\u00e1n\u00ed nebo ukl\u00e1d\u00e1n\u00ed citliv\u00fdch \u00fadaj\u016f, jako jsou finan\u010dn\u00ed \u00fadaje, vyu\u017e\u00edv\u00e1me\ncelou \u0159adu dal\u0161\u00edch bezpe\u010dnostn\u00edch technologi\u00ed a postup\u016f, kter\u00e9 p\u0159isp\u011bj\u00ed k ochran\u011b va\u0161ich\u00a0osobn\u00edch\n\u00fadaj\u016f p\u0159ed neopr\u00e1vn\u011bn\u00fdm p\u0159\u00edstupem, pou\u017eit\u00edm nebo zve\u0159ejn\u011bn\u00edm. P\u0159i p\u0159en\u00e1\u0161en\u00ed vysoce d\u016fv\u011brn\u00fdch\n\u00fadaj\u016f (nap\u0159\u00edklad \u010d\u00edsla kreditn\u00edch karet nebo hesla) p\u0159es internet pou\u017e\u00edv\u00e1me\u00a0ochranu \u0161ifrov\u00e1n\u00edm, jako\njsou nejnov\u011bj\u0161\u00ed verze protokolu Transport Layer Security (\u201eTLS\u201c).<\/p>\n<p>Jako sou\u010d\u00e1st zpracov\u00e1n\u00ed plateb v re\u00e1ln\u00e9m \u010dase tak\u00e9 vyu\u017e\u00edv\u00e1me slu\u017eby prevence podvod\u016f. Tato\nslu\u017eba n\u00e1m poskytuje dodate\u010dnou \u00farove\u0148 zabezpe\u010den\u00ed proti podvod\u016fm prost\u0159ednictv\u00edm\u00a0kreditn\u00edch\nkaret a chr\u00e1n\u00ed va\u0161e platebn\u00ed \u00fadaje.<\/p>\n<p><strong>Va\u0161e bezpe\u010dnost osobn\u00edch \u00fadaj\u016f je pro n\u00e1s d\u016fle\u017eit\u00e1<\/strong><br \/>Bereme zabezpe\u010den\u00ed va\u0161ich osobn\u00edch \u00fadaj\u016f v\u00e1\u017en\u011b, proto V\u00e1m zde uv\u00e1d\u00edme z\u00e1kladn\u00ed na\u0161e postupy, jak s t\u011bmito \u00fadaji zach\u00e1z\u00edme:<br \/>fyzick\u00e9 zabezpe\u010den\u00ed pap\u00edrov\u00fdch formul\u00e1\u0159\u016f v trezorech \u010di uzamykateln\u00fdch sk\u0159\u00edn\u00ed spole\u010dnosti<br \/>\u0161kolen\u00ed na\u0161ich zam\u011bstnanc\u016f v oblasti bezpe\u010dnosti informac\u00ed<br \/>pro spr\u00e1vu IT vyu\u017e\u00edv\u00e1me jen takov\u00e9 firmy, kter\u00e9 maj\u00ed spln\u011bnou bezpe\u010dnost informac\u00ed<br \/>po na\u0161ich partnerech v oblasti informa\u010dn\u00ed syst\u00e9mu (software) nap\u0159. rezervace va\u0161eho ubytov\u00e1n\u00ed, uchov\u00e1n\u00ed informac\u00ed o va\u0161em ubytov\u00e1n\u00ed \u010di informac\u00ed o va\u0161i konzumaci v restauraci po\u017eadujeme, aby m\u011bli spln\u011bn\u00e9 v\u0161echny po\u017eadavky GDPR \u010di ochrany va\u0161ich \u00fadaj\u016f<br \/>v p\u0159\u00edpad\u011b, \u017ee n\u00e1m sd\u011bl\u00edte \u010d\u00edslo kreditn\u00ed karty (nap\u0159. pro rezervaci ubytov\u00e1n\u00ed) tak toto \u010d\u00edslo se v na\u0161em informa\u010dn\u00edm syst\u00e9mu uchov\u00e1v\u00e1 jen po nezbytnou dobu a v p\u0159\u00edpad\u011b bezprobl\u00e9mov\u00e9ho pr\u016fb\u011bhu doch\u00e1z\u00ed k  automatick\u00e9ho v\u00fdmazu<br \/>pro komunikaci s v\u00e1mi vyu\u017e\u00edv\u00e1me pouze zabezpe\u010den\u00e9 a \u0161ifrovan\u00e9 komunika\u010dn\u00ed kan\u00e1ly pomoc\u00ed SSL \/ TLS protokolu<br \/>ravideln\u011b kontrolujeme na\u0161e IT a sledujeme trendy v oblasti zabezpe\u010den\u00ed (\u0161ifrovan\u00e9 HDD, v\u00edce stup\u0148ov\u00e1 ochrana p\u0159\u00edstupy, apod.)<\/p>\n<p><strong>Jak \u00fadaje sd\u00edl\u00edme<\/strong><br \/>Va\u0161e osobn\u00ed \u00fadaje sd\u00edl\u00edme jen n\u00e1sleduj\u00edc\u00edmi zp\u016fsoby:<\/p>\n<p><strong>Soulad se z\u00e1kony<\/strong><br \/>We may share your personal information if we believe in good faith that we have a\u00a0duty to:<br \/>reagovat na opr\u00e1vn\u011bn\u00e9 po\u017eadavky ze strany org\u00e1n\u016f \u010dinn\u00fdch v trestn\u00edm \u0159\u00edzen\u00ed, regula\u010dn\u00edch \u00fa\u0159ad\u016f, soud\u016f nebo jin\u00fdch ve\u0159ejn\u00fdch org\u00e1n\u016f, mimo jin\u00e9 za \u00fa\u010delem spln\u011bn\u00ed po\u017eadavk\u016f na zaji\u0161t\u011bn\u00ed n\u00e1rodn\u00ed bezpe\u010dnosti<br \/>jednat v souladu se z\u00e1konem, na\u0159\u00edzen\u00edm, p\u0159edvol\u00e1n\u00edm nebo soudn\u00edm p\u0159\u00edkazem<br \/>vy\u0161et\u0159ovat a pomoci p\u0159edch\u00e1zet ohro\u017een\u00ed zabezpe\u010den\u00ed, podvodu nebo jin\u00e9 nez\u00e1konn\u00e9 \u010di \u0161kodliv\u00e9 \u010dinnosti<br \/>uplatnit nebo chr\u00e1nit pr\u00e1va a majetek spole\u010dnosti<br \/>chr\u00e1nit pr\u00e1va nebo osobn\u00ed bezpe\u010dnost spole\u010dnosti, sv\u00fdch zam\u011bstnanc\u016f a t\u0159et\u00edch stran, pokud jde o pou\u017e\u00edv\u00e1n\u00ed majetku spole\u010dnosti, v souladu s po\u017eadavky platn\u00fdch z\u00e1kon\u016f.<\/p>\n<p><strong>Sd\u00edlen\u00ed s dal\u0161\u00edmi subjekty<\/strong><br \/>Va\u0161e osobn\u00ed \u00fadaje na\u0161e spole\u010dnost nesd\u00edl\u00ed s \u017e\u00e1dn\u00fdmi jin\u00fdmi subjekty.<\/p>\n<p><strong>Uplatn\u011bn\u00ed va\u0161ich pr\u00e1v a kontakt s n\u00e1mi<\/strong><br \/>M\u00e1te pr\u00e1vo na p\u0159\u00edstup ke v\u0161em osobn\u00edm \u00fadaj\u016fm, kter\u00e9 jste n\u00e1m poskytli nebo kter\u00e9 o v\u00e1s uchov\u00e1v\u00e1me. Krom\u011b toho m\u00e1te pr\u00e1vo odvolat d\u0159\u00edve ud\u011blen\u00fd souhlas nebo po\u017e\u00e1dat o opravu, dopln\u011bn\u00ed, omezen\u00ed, anonymizaci \u010di odstran\u011bn\u00ed va\u0161ich osobn\u00edch \u00fadaj\u016f a po\u017e\u00e1dat o vysv\u011btlen\u00ed jejich zpracov\u00e1n\u00ed.<\/p>\n<p>V ur\u010dit\u00fdch p\u0159\u00edpadech m\u016f\u017ee b\u00fdt va\u0161e \u017e\u00e1dost zam\u00edtnuta na z\u00e1klad\u011b legitimn\u00ed v\u00fdjimky, nap\u0159\u00edklad pokud\nby zp\u0159\u00edstupn\u011bn\u00ed informac\u00ed odhalilo osobn\u00ed \u00fadaje jin\u00e9 osoby, nebo n\u00e1m zp\u0159\u00edstupn\u011bn\u00ed\u00a0takov\u00fdch \u00fadaj\u016f\nzakazuje z\u00e1kon.<\/p>\n<p><strong>Zm\u011bny prohl\u00e1\u0161en\u00ed o ochran\u011b osobn\u00edch \u00fadaj\u016f<\/strong><br \/>Pokud toto prohl\u00e1\u0161en\u00ed o ochran\u011b osobn\u00edch \u00fadaj\u016f zm\u011bn\u00edme, revidovan\u00e1 verze s datem zm\u011bny bude zve\u0159ejn\u011bna zde. Pokud v na\u0161em prohl\u00e1\u0161en\u00ed o ochran\u011b osobn\u00edch \u00fadaj\u016f dojde k z\u00e1sadn\u00edm zm\u011bn\u00e1m, kter\u00e9 podstatn\u00fdm zp\u016fsobem m\u011bn\u00ed na\u0161e postupy ochrany soukrom\u00ed, m\u016f\u017eeme v\u00e1s tak\u00e9 upozornit dal\u0161\u00edmi prost\u0159edky, nap\u0159\u00edklad zasl\u00e1n\u00edm e-mailu \u010di zve\u0159ejn\u011bn\u00edm ozn\u00e1men\u00ed na podnikov\u00fdch webov\u00fdch str\u00e1nk\u00e1ch nebo na str\u00e1nk\u00e1ch soci\u00e1ln\u00edch m\u00e9di\u00ed. Toto prohl\u00e1\u0161en\u00ed o ochran\u011b osobn\u00edch \u00fadaj\u016f bylo naposledy aktualizov\u00e1no v \u010dervnu 2018.<\/p>\n\n\t\t<\/div>\n\t<\/div>\n<\/div><\/div><\/div><\/div><\/div>","protected":false},"excerpt":{"rendered":"Privacy Policy &#038; Cookies Company privacy statement\u00a0\u00a0\u00a0 IntroductionOREA IMERA, a.s. (hereinafter referred to as the company) is aware of the","protected":false},"author":1,"featured_media":0,"parent":0,"menu_order":0,"comment_status":"closed","ping_status":"open","template":"","meta":{"_acf_changed":false,"footnotes":""},"class_list":["post-3","page","type-page","status-publish","hentry"],"acf":[],"yoast_head":"<!-- This site is optimized with the Yoast SEO plugin v27.4 - https:\/\/yoast.com\/product\/yoast-seo-wordpress\/ -->\n<title>Privacy Policy &amp; Cookies - The Icon Prague<\/title>\n<meta name=\"robots\" content=\"index, follow, max-snippet:-1, max-image-preview:large, max-video-preview:-1\" \/>\n<link rel=\"canonical\" href=\"https:\/\/www.iconhotel.eu\/cz\/privacy-policy\/\" \/>\n<meta property=\"og:locale\" content=\"cs_CZ\" \/>\n<meta property=\"og:type\" content=\"article\" \/>\n<meta property=\"og:title\" content=\"Privacy Policy &amp; Cookies - The Icon Prague\" \/>\n<meta property=\"og:url\" content=\"https:\/\/www.iconhotel.eu\/cz\/privacy-policy\/\" \/>\n<meta property=\"og:site_name\" content=\"The Icon Prague\" \/>\n<meta property=\"article:modified_time\" content=\"2025-05-23T12:01:50+00:00\" \/>\n<meta name=\"twitter:card\" content=\"summary_large_image\" \/>\n<meta name=\"twitter:label1\" content=\"Odhadovan\u00e1 doba \u010dten\u00ed\" \/>\n\t<meta name=\"twitter:data1\" content=\"5 minut\" \/>\n<script type=\"application\/ld+json\" class=\"yoast-schema-graph\">{\"@context\":\"https:\\\/\\\/schema.org\",\"@graph\":[{\"@type\":\"WebPage\",\"@id\":\"https:\\\/\\\/www.iconhotel.eu\\\/privacy-policy\\\/\",\"url\":\"https:\\\/\\\/www.iconhotel.eu\\\/privacy-policy\\\/\",\"name\":\"Privacy Policy & Cookies - The Icon Prague\",\"isPartOf\":{\"@id\":\"https:\\\/\\\/www.iconhotel.eu\\\/#website\"},\"datePublished\":\"2025-02-26T11:46:01+00:00\",\"dateModified\":\"2025-05-23T12:01:50+00:00\",\"breadcrumb\":{\"@id\":\"https:\\\/\\\/www.iconhotel.eu\\\/privacy-policy\\\/#breadcrumb\"},\"inLanguage\":\"cs\",\"potentialAction\":[{\"@type\":\"ReadAction\",\"target\":[\"https:\\\/\\\/www.iconhotel.eu\\\/privacy-policy\\\/\"]}]},{\"@type\":\"BreadcrumbList\",\"@id\":\"https:\\\/\\\/www.iconhotel.eu\\\/privacy-policy\\\/#breadcrumb\",\"itemListElement\":[{\"@type\":\"ListItem\",\"position\":1,\"name\":\"HOME\",\"item\":\"https:\\\/\\\/www.iconhotel.eu\\\/\"},{\"@type\":\"ListItem\",\"position\":2,\"name\":\"Privacy Policy &#038; Cookies\"}]},{\"@type\":\"WebSite\",\"@id\":\"https:\\\/\\\/www.iconhotel.eu\\\/#website\",\"url\":\"https:\\\/\\\/www.iconhotel.eu\\\/\",\"name\":\"The Icon Prague\",\"description\":\"\",\"potentialAction\":[{\"@type\":\"SearchAction\",\"target\":{\"@type\":\"EntryPoint\",\"urlTemplate\":\"https:\\\/\\\/www.iconhotel.eu\\\/?s={search_term_string}\"},\"query-input\":{\"@type\":\"PropertyValueSpecification\",\"valueRequired\":true,\"valueName\":\"search_term_string\"}}],\"inLanguage\":\"cs\"}]}<\/script>\n<!-- \/ Yoast SEO plugin. -->","yoast_head_json":{"title":"Privacy Policy & Cookies - The Icon Prague","robots":{"index":"index","follow":"follow","max-snippet":"max-snippet:-1","max-image-preview":"max-image-preview:large","max-video-preview":"max-video-preview:-1"},"canonical":"https:\/\/www.iconhotel.eu\/cz\/privacy-policy\/","og_locale":"cs_CZ","og_type":"article","og_title":"Privacy Policy & Cookies - The Icon Prague","og_url":"https:\/\/www.iconhotel.eu\/cz\/privacy-policy\/","og_site_name":"The Icon Prague","article_modified_time":"2025-05-23T12:01:50+00:00","twitter_card":"summary_large_image","twitter_misc":{"Odhadovan\u00e1 doba \u010dten\u00ed":"5 minut"},"schema":{"@context":"https:\/\/schema.org","@graph":[{"@type":"WebPage","@id":"https:\/\/www.iconhotel.eu\/privacy-policy\/","url":"https:\/\/www.iconhotel.eu\/privacy-policy\/","name":"Privacy Policy & Cookies - The Icon Prague","isPartOf":{"@id":"https:\/\/www.iconhotel.eu\/#website"},"datePublished":"2025-02-26T11:46:01+00:00","dateModified":"2025-05-23T12:01:50+00:00","breadcrumb":{"@id":"https:\/\/www.iconhotel.eu\/privacy-policy\/#breadcrumb"},"inLanguage":"cs","potentialAction":[{"@type":"ReadAction","target":["https:\/\/www.iconhotel.eu\/privacy-policy\/"]}]},{"@type":"BreadcrumbList","@id":"https:\/\/www.iconhotel.eu\/privacy-policy\/#breadcrumb","itemListElement":[{"@type":"ListItem","position":1,"name":"HOME","item":"https:\/\/www.iconhotel.eu\/"},{"@type":"ListItem","position":2,"name":"Privacy Policy &#038; Cookies"}]},{"@type":"WebSite","@id":"https:\/\/www.iconhotel.eu\/#website","url":"https:\/\/www.iconhotel.eu\/","name":"The Icon Prague","description":"","potentialAction":[{"@type":"SearchAction","target":{"@type":"EntryPoint","urlTemplate":"https:\/\/www.iconhotel.eu\/?s={search_term_string}"},"query-input":{"@type":"PropertyValueSpecification","valueRequired":true,"valueName":"search_term_string"}}],"inLanguage":"cs"}]}},"_links":{"self":[{"href":"https:\/\/www.iconhotel.eu\/cz\/wp-json\/wp\/v2\/pages\/3","targetHints":{"allow":["GET"]}}],"collection":[{"href":"https:\/\/www.iconhotel.eu\/cz\/wp-json\/wp\/v2\/pages"}],"about":[{"href":"https:\/\/www.iconhotel.eu\/cz\/wp-json\/wp\/v2\/types\/page"}],"author":[{"embeddable":true,"href":"https:\/\/www.iconhotel.eu\/cz\/wp-json\/wp\/v2\/users\/1"}],"replies":[{"embeddable":true,"href":"https:\/\/www.iconhotel.eu\/cz\/wp-json\/wp\/v2\/comments?post=3"}],"version-history":[{"count":4,"href":"https:\/\/www.iconhotel.eu\/cz\/wp-json\/wp\/v2\/pages\/3\/revisions"}],"predecessor-version":[{"id":1036,"href":"https:\/\/www.iconhotel.eu\/cz\/wp-json\/wp\/v2\/pages\/3\/revisions\/1036"}],"wp:attachment":[{"href":"https:\/\/www.iconhotel.eu\/cz\/wp-json\/wp\/v2\/media?parent=3"}],"curies":[{"name":"wp","href":"https:\/\/api.w.org\/{rel}","templated":true}]}}